{"id":9,"date":"2021-12-29T16:09:12","date_gmt":"2021-12-29T15:09:12","guid":{"rendered":"https:\/\/www.rocciadipinta.com\/2022\/?page_id=9"},"modified":"2022-03-03T09:29:24","modified_gmt":"2022-03-03T08:29:24","slug":"home","status":"publish","type":"page","link":"https:\/\/www.rocciadipinta.com\/spa\/","title":{"rendered":"home"},"content":{"rendered":"<div class=\"fusion-fullwidth fullwidth-box nonhundred-percent-fullwidth non-hundred-percent-height-scrolling\"  style='background-color: rgba(255,255,255,0);background-position: center center;background-repeat: no-repeat;padding-top:0px;padding-right:0px;padding-bottom:0px;padding-left:0px;'><div class=\"fusion-builder-row fusion-row \"><div  data-animationType=FadeInLeft data-animationDuration=0.5 data-animationOffset=100% class=\"fusion-layout-column fusion_builder_column fusion_builder_column_1_2 fusion-builder-column-1 fusion-one-half fusion-column-first fusion-animated 1_2\"  style='margin-top:0px;margin-bottom:20px;width:50%;width:calc(50% - ( ( 4% ) * 0.5 ) );margin-right: 4%;'>\n\t\t\t\t\t<div class=\"fusion-column-wrapper\" style=\"padding: 0px 0px 0px 0px;background-position:left top;background-repeat:no-repeat;-webkit-background-size:cover;-moz-background-size:cover;-o-background-size:cover;background-size:cover;\"   data-bg-url=\"\">\n\t\t\t\t\t\t<div class=\"fusion-text\"><p><img loading=\"lazy\" class=\"alignnone wp-image-166 size-full\" src=\"https:\/\/www.rocciadipinta.com\/2022\/wp-content\/uploads\/2022\/02\/cose_roccia_dipinta.jpg\" alt=\"\" width=\"600\" height=\"903\" \/><\/p>\n<\/div><div class=\"fusion-clearfix\"><\/div>\n\n\t\t\t\t\t<\/div>\n\t\t\t\t<\/div><div  class=\"fusion-layout-column fusion_builder_column fusion_builder_column_1_2 fusion-builder-column-2 fusion-one-half fusion-column-last 1_2\"  style='margin-top:0px;margin-bottom:20px;width:50%;width:calc(50% - ( ( 4% ) * 0.5 ) );'>\n\t\t\t\t\t<div class=\"fusion-column-wrapper\" style=\"padding: 0px 0px 0px 0px;background-position:left top;background-repeat:no-repeat;-webkit-background-size:cover;-moz-background-size:cover;-o-background-size:cover;background-size:cover;\"   data-bg-url=\"\">\n\t\t\t\t\t\t<div class=\"fusion-text\"><h1 style=\"margin-top: 0;\">Roccia Dipinta<\/h1>\n<p>Roccia Dipinta es una combinaci\u00f3n obtenida de un material 100% natural con la sabia maestria de un trabajo artesanal que otorga al producto luz, color y matices \u00fanicos.<\/p>\n<p>Roccia Dipinta\u00a0es un proyecto que nace con la intenci\u00f3n de personalizar tu ambiente dom\u00e9stico o profesional partiendo de ti y tu estilo. Nuestra filosofia productiva se basa esencialmente sobre el <em>made-to-measure, <\/em>seguros de poner a disposic\u00f3n de nuestra clientela una amplia gama de soluciones.<\/p>\n<p>Roccia Dipinta\u00a0es enteramente <em>made in Italy<\/em>, desde el origen de la materia prima, la proyecci\u00f3n hasta la realizaci\u00f3n del producto finito.<\/p>\n<p>Roccia Dipinta\u00a0es un elemento vers\u00e1til adapto a una pluralidad de ambientes y soluciones, ideal para realizar revestimiento para ba\u00f1o y <em>living<\/em>, y bienes manufacturados bajo dise\u00f1os de diversos tipos, como encimeras, fregaderos, platos de ducha, mesones de cocina, mesas, pisos, escaleras, chimeneas, para interiores y exteriores.<\/p>\n<p>Roccia Dipinta\u00a0te ofrece la posibilidad de ver y tocar con tus manos las muestras realizadas segun tus deseos. Elige nuestros servicios de muestreo para recibir comodamente en casa los ejemplares a tu medida.<\/p>\n<\/div><div class=\"fusion-button-wrapper\"><a class=\"fusion-button button-flat fusion-button-default-shape fusion-button-default-size button-default button-1 fusion-button-default-span fusion-button-default-type\" target=\"_self\" href=\"https:\/\/www.rocciadipinta.com\/spa\/campionatura-su-misura\/\"><span class=\"fusion-button-text\">DESCUBRE EL SERVICIO<\/span><\/a><\/div><div class=\"fusion-clearfix\"><\/div>\n\n\t\t\t\t\t<\/div>\n\t\t\t\t<\/div><div  class=\"fusion-layout-column fusion_builder_column fusion_builder_column_1_1 fusion-builder-column-3 fusion-one-full fusion-column-first fusion-column-last 1_1\"  style='margin-top:0px;margin-bottom:20px;'>\n\t\t\t\t\t<div class=\"fusion-column-wrapper\" style=\"padding: 0px 0px 0px 0px;background-position:left top;background-repeat:no-repeat;-webkit-background-size:cover;-moz-background-size:cover;-o-background-size:cover;background-size:cover;\"   data-bg-url=\"\">\n\t\t\t\t\t\t<div class=\"fusion-sep-clear\"><\/div><div class=\"fusion-separator fusion-full-width-sep sep-single sep-solid\" style=\"border-color:#e0dede;border-top-width:1px;margin-left: auto;margin-right: auto;margin-top:50px;margin-bottom:50px;\"><\/div><div class=\"fusion-clearfix\"><\/div>\n\n\t\t\t\t\t<\/div>\n\t\t\t\t<\/div><div  class=\"fusion-layout-column fusion_builder_column fusion_builder_column_1_1 fusion-builder-column-4 fusion-one-full fusion-column-first fusion-column-last 1_1\"  style='margin-top:0px;margin-bottom:20px;'>\n\t\t\t\t\t<div class=\"fusion-column-wrapper\" style=\"padding: 0px 0px 0px 0px;background-position:left top;background-repeat:no-repeat;-webkit-background-size:cover;-moz-background-size:cover;-o-background-size:cover;background-size:cover;\"   data-bg-url=\"\">\n\t\t\t\t\t\t<div class=\"fusion-text\"><h1 style=\"text-align: center;\">blog<\/h1>\n<\/div><div class=\"fusion-recent-posts fusion-recent-posts-1 avada-container layout-default layout-columns-2\"><section class=\"fusion-columns columns fusion-columns-2 columns-2\"><article class=\"post fusion-column column col col-lg-6 col-md-6 col-sm-6\"><div class=\"fusion-flexslider fusion-flexslider-loading flexslider flexslider-hover-type-none\"><ul class=\"slides\"><li><a href=\"https:\/\/www.rocciadipinta.com\/spa\/immagina-il-tuo-ambiente-a-partire-da-te\/\" aria-label=\"Imagina tu ambiente a partir de ti\" class=\"hover-type-none\"><img width=\"644\" height=\"414\" src=\"https:\/\/www.rocciadipinta.com\/spa\/wp-content\/uploads\/sites\/4\/2022\/01\/1.jpg\" class=\"attachment-recent-posts size-recent-posts\" alt=\"\" loading=\"lazy\" srcset=\"https:\/\/www.rocciadipinta.com\/spa\/wp-content\/uploads\/sites\/4\/2022\/01\/1-200x129.jpg 200w, https:\/\/www.rocciadipinta.com\/spa\/wp-content\/uploads\/sites\/4\/2022\/01\/1-300x193.jpg 300w, https:\/\/www.rocciadipinta.com\/spa\/wp-content\/uploads\/sites\/4\/2022\/01\/1-400x257.jpg 400w, https:\/\/www.rocciadipinta.com\/spa\/wp-content\/uploads\/sites\/4\/2022\/01\/1-460x295.jpg 460w, https:\/\/www.rocciadipinta.com\/spa\/wp-content\/uploads\/sites\/4\/2022\/01\/1-600x386.jpg 600w, https:\/\/www.rocciadipinta.com\/spa\/wp-content\/uploads\/sites\/4\/2022\/01\/1.jpg 644w\" sizes=\"(max-width: 644px) 100vw, 644px\" \/><\/a><\/li><\/ul><\/div><div class=\"recent-posts-content\"><span class=\"vcard\" style=\"display: none;\"><span class=\"fn\"><a href=\"https:\/\/www.rocciadipinta.com\/spa\/author\/rocciadipinta\/\" title=\"Entradas de Rocciadipinta\" rel=\"author\">Rocciadipinta<\/a><\/span><\/span><span class=\"updated\" style=\"display:none;\">2022-05-27T10:56:18+02:00<\/span><h4 class=\"entry-title\"><a href=\"https:\/\/www.rocciadipinta.com\/spa\/immagina-il-tuo-ambiente-a-partire-da-te\/\">Imagina tu ambiente a partir de ti<\/a><\/h4><p>Vivir en un ambiente estimulante, relajante y en linea con nuestro esp\u00edritu es cada vez m\u00e1s importante para nuestra serenidad y productividad. En los \u00faltimos tiempos transcurrimos siempre m\u00e1s tiempo en nuestro ambiente protegido. Imaginar el ambiente en el cual deseamos vivir puede no ser f\u00e1cil. Estamos inconscientemente condicionados por estilos e imagenes ya vistas [...]<\/p><\/div><\/article><article class=\"post fusion-column column col col-lg-6 col-md-6 col-sm-6\"><div class=\"fusion-flexslider fusion-flexslider-loading flexslider flexslider-hover-type-none\"><ul class=\"slides\"><li><a href=\"https:\/\/www.rocciadipinta.com\/spa\/come-sfruttare-i-benefici-energetici-della-pietra-lavica-per-vivere-meglio\/\" aria-label=\"Como disfrutar los beneficios energ\u00e9ticos de la piedra de lava para vivir mejor\" class=\"hover-type-none\"><img width=\"700\" height=\"441\" src=\"https:\/\/www.rocciadipinta.com\/spa\/wp-content\/uploads\/sites\/4\/2022\/01\/2-700x441.png\" class=\"attachment-recent-posts size-recent-posts\" alt=\"\" loading=\"lazy\" srcset=\"https:\/\/www.rocciadipinta.com\/spa\/wp-content\/uploads\/sites\/4\/2022\/01\/2-320x202.png 320w, https:\/\/www.rocciadipinta.com\/spa\/wp-content\/uploads\/sites\/4\/2022\/01\/2-700x441.png 700w\" sizes=\"(max-width: 700px) 100vw, 700px\" \/><\/a><\/li><\/ul><\/div><div class=\"recent-posts-content\"><span class=\"vcard\" style=\"display: none;\"><span class=\"fn\"><a href=\"https:\/\/www.rocciadipinta.com\/spa\/author\/rocciadipinta\/\" title=\"Entradas de Rocciadipinta\" rel=\"author\">Rocciadipinta<\/a><\/span><\/span><span class=\"updated\" style=\"display:none;\">2022-05-27T10:51:15+02:00<\/span><h4 class=\"entry-title\"><a href=\"https:\/\/www.rocciadipinta.com\/spa\/come-sfruttare-i-benefici-energetici-della-pietra-lavica-per-vivere-meglio\/\">Como disfrutar los beneficios energ\u00e9ticos de la piedra de lava para vivir mejor<\/a><\/h4><p>Desde Haw\u00e1i a Jap\u00f3n, desde la Islandia a \u00c1frica, en las culturas de todo el mundo el hombre ha dado varias interpretaciones a los f\u00e9nomenos volc\u00e1nicos. A veces vistos como manifestaci\u00f3n de la ira divina, otras tantas como eventos sobrenaturales. Mitos y leyendas se han sucedido durante siglos para intentar explicar el fen\u00f3meno natural de [...]<\/p><\/div><\/article><\/section><\/div><div class=\"fusion-clearfix\"><\/div>\n\n\t\t\t\t\t<\/div>\n\t\t\t\t<\/div><\/div><\/div>\n","protected":false},"excerpt":{"rendered":"","protected":false},"author":1,"featured_media":0,"parent":0,"menu_order":0,"comment_status":"closed","ping_status":"closed","template":"","meta":[],"yoast_head":"<!-- This site is optimized with the Yoast SEO plugin v18.5.1 - https:\/\/yoast.com\/wordpress\/plugins\/seo\/ -->\n<title>home - Roccia Dipinta Spa<\/title>\n<meta name=\"robots\" content=\"index, follow, max-snippet:-1, max-image-preview:large, max-video-preview:-1\" \/>\n<link rel=\"canonical\" href=\"https:\/\/www.rocciadipinta.com\/spa\/\" \/>\n<meta property=\"og:locale\" content=\"es_ES\" \/>\n<meta property=\"og:type\" content=\"article\" \/>\n<meta property=\"og:title\" content=\"home - Roccia Dipinta Spa\" \/>\n<meta property=\"og:url\" content=\"https:\/\/www.rocciadipinta.com\/spa\/\" \/>\n<meta property=\"og:site_name\" content=\"Roccia Dipinta Spa\" \/>\n<meta property=\"article:modified_time\" content=\"2022-03-03T08:29:24+00:00\" \/>\n<meta property=\"og:image\" content=\"https:\/\/www.rocciadipinta.com\/2022\/wp-content\/uploads\/2022\/02\/cose_roccia_dipinta.jpg\" \/>\n<meta name=\"twitter:card\" content=\"summary_large_image\" \/>\n<meta name=\"twitter:label1\" content=\"Tiempo de lectura\" \/>\n\t<meta name=\"twitter:data1\" content=\"5 minutos\" \/>\n<script type=\"application\/ld+json\" class=\"yoast-schema-graph\">{\"@context\":\"https:\/\/schema.org\",\"@graph\":[{\"@type\":\"WebSite\",\"@id\":\"https:\/\/www.rocciadipinta.com\/spa\/#website\",\"url\":\"https:\/\/www.rocciadipinta.com\/spa\/\",\"name\":\"Roccia Dipinta Spa\",\"description\":\"colour your home with natural stones\",\"potentialAction\":[{\"@type\":\"SearchAction\",\"target\":{\"@type\":\"EntryPoint\",\"urlTemplate\":\"https:\/\/www.rocciadipinta.com\/spa\/?s={search_term_string}\"},\"query-input\":\"required name=search_term_string\"}],\"inLanguage\":\"es\"},{\"@type\":\"ImageObject\",\"@id\":\"https:\/\/www.rocciadipinta.com\/spa\/#primaryimage\",\"inLanguage\":\"es\",\"url\":\"https:\/\/www.rocciadipinta.com\/2022\/wp-content\/uploads\/2022\/02\/cose_roccia_dipinta.jpg\",\"contentUrl\":\"https:\/\/www.rocciadipinta.com\/2022\/wp-content\/uploads\/2022\/02\/cose_roccia_dipinta.jpg\"},{\"@type\":\"WebPage\",\"@id\":\"https:\/\/www.rocciadipinta.com\/spa\/#webpage\",\"url\":\"https:\/\/www.rocciadipinta.com\/spa\/\",\"name\":\"home - Roccia Dipinta Spa\",\"isPartOf\":{\"@id\":\"https:\/\/www.rocciadipinta.com\/spa\/#website\"},\"primaryImageOfPage\":{\"@id\":\"https:\/\/www.rocciadipinta.com\/spa\/#primaryimage\"},\"datePublished\":\"2021-12-29T15:09:12+00:00\",\"dateModified\":\"2022-03-03T08:29:24+00:00\",\"breadcrumb\":{\"@id\":\"https:\/\/www.rocciadipinta.com\/spa\/#breadcrumb\"},\"inLanguage\":\"es\",\"potentialAction\":[{\"@type\":\"ReadAction\",\"target\":[\"https:\/\/www.rocciadipinta.com\/spa\/\"]}]},{\"@type\":\"BreadcrumbList\",\"@id\":\"https:\/\/www.rocciadipinta.com\/spa\/#breadcrumb\",\"itemListElement\":[{\"@type\":\"ListItem\",\"position\":1,\"name\":\"Home\",\"item\":\"https:\/\/www.rocciadipinta.com\/spa\/\"},{\"@type\":\"ListItem\",\"position\":2,\"name\":\"home\"}]}]}<\/script>\n<!-- \/ Yoast SEO plugin. -->","yoast_head_json":{"title":"home - Roccia Dipinta Spa","robots":{"index":"index","follow":"follow","max-snippet":"max-snippet:-1","max-image-preview":"max-image-preview:large","max-video-preview":"max-video-preview:-1"},"canonical":"https:\/\/www.rocciadipinta.com\/spa\/","og_locale":"es_ES","og_type":"article","og_title":"home - Roccia Dipinta Spa","og_url":"https:\/\/www.rocciadipinta.com\/spa\/","og_site_name":"Roccia Dipinta Spa","article_modified_time":"2022-03-03T08:29:24+00:00","og_image":[{"url":"https:\/\/www.rocciadipinta.com\/2022\/wp-content\/uploads\/2022\/02\/cose_roccia_dipinta.jpg"}],"twitter_card":"summary_large_image","twitter_misc":{"Tiempo de lectura":"5 minutos"},"schema":{"@context":"https:\/\/schema.org","@graph":[{"@type":"WebSite","@id":"https:\/\/www.rocciadipinta.com\/spa\/#website","url":"https:\/\/www.rocciadipinta.com\/spa\/","name":"Roccia Dipinta Spa","description":"colour your home with natural stones","potentialAction":[{"@type":"SearchAction","target":{"@type":"EntryPoint","urlTemplate":"https:\/\/www.rocciadipinta.com\/spa\/?s={search_term_string}"},"query-input":"required name=search_term_string"}],"inLanguage":"es"},{"@type":"ImageObject","@id":"https:\/\/www.rocciadipinta.com\/spa\/#primaryimage","inLanguage":"es","url":"https:\/\/www.rocciadipinta.com\/2022\/wp-content\/uploads\/2022\/02\/cose_roccia_dipinta.jpg","contentUrl":"https:\/\/www.rocciadipinta.com\/2022\/wp-content\/uploads\/2022\/02\/cose_roccia_dipinta.jpg"},{"@type":"WebPage","@id":"https:\/\/www.rocciadipinta.com\/spa\/#webpage","url":"https:\/\/www.rocciadipinta.com\/spa\/","name":"home - Roccia Dipinta Spa","isPartOf":{"@id":"https:\/\/www.rocciadipinta.com\/spa\/#website"},"primaryImageOfPage":{"@id":"https:\/\/www.rocciadipinta.com\/spa\/#primaryimage"},"datePublished":"2021-12-29T15:09:12+00:00","dateModified":"2022-03-03T08:29:24+00:00","breadcrumb":{"@id":"https:\/\/www.rocciadipinta.com\/spa\/#breadcrumb"},"inLanguage":"es","potentialAction":[{"@type":"ReadAction","target":["https:\/\/www.rocciadipinta.com\/spa\/"]}]},{"@type":"BreadcrumbList","@id":"https:\/\/www.rocciadipinta.com\/spa\/#breadcrumb","itemListElement":[{"@type":"ListItem","position":1,"name":"Home","item":"https:\/\/www.rocciadipinta.com\/spa\/"},{"@type":"ListItem","position":2,"name":"home"}]}]}},"_links":{"self":[{"href":"https:\/\/www.rocciadipinta.com\/spa\/wp-json\/wp\/v2\/pages\/9"}],"collection":[{"href":"https:\/\/www.rocciadipinta.com\/spa\/wp-json\/wp\/v2\/pages"}],"about":[{"href":"https:\/\/www.rocciadipinta.com\/spa\/wp-json\/wp\/v2\/types\/page"}],"author":[{"embeddable":true,"href":"https:\/\/www.rocciadipinta.com\/spa\/wp-json\/wp\/v2\/users\/1"}],"replies":[{"embeddable":true,"href":"https:\/\/www.rocciadipinta.com\/spa\/wp-json\/wp\/v2\/comments?post=9"}],"version-history":[{"count":2,"href":"https:\/\/www.rocciadipinta.com\/spa\/wp-json\/wp\/v2\/pages\/9\/revisions"}],"predecessor-version":[{"id":218,"href":"https:\/\/www.rocciadipinta.com\/spa\/wp-json\/wp\/v2\/pages\/9\/revisions\/218"}],"wp:attachment":[{"href":"https:\/\/www.rocciadipinta.com\/spa\/wp-json\/wp\/v2\/media?parent=9"}],"curies":[{"name":"wp","href":"https:\/\/api.w.org\/{rel}","templated":true}]}}