{"id":13,"date":"2021-12-29T16:09:33","date_gmt":"2021-12-29T15:09:33","guid":{"rendered":"https:\/\/www.rocciadipinta.com\/2022\/?page_id=13"},"modified":"2022-03-03T09:32:43","modified_gmt":"2022-03-03T08:32:43","slug":"realizzazioni","status":"publish","type":"page","link":"https:\/\/www.rocciadipinta.com\/spa\/realizzazioni\/","title":{"rendered":"realizzazioni"},"content":{"rendered":"<p><div class=\"fusion-fullwidth fullwidth-box nonhundred-percent-fullwidth non-hundred-percent-height-scrolling\"  style='background-color: rgba(255,255,255,0);background-position: center center;background-repeat: no-repeat;padding-top:0px;padding-right:0px;padding-bottom:0px;padding-left:0px;'><div class=\"fusion-builder-row fusion-row \"><div  class=\"fusion-layout-column fusion_builder_column fusion_builder_column_1_1 fusion-builder-column-1 fusion-one-full fusion-column-first fusion-column-last 1_1\"  style='margin-top:0px;margin-bottom:20px;'>\n\t\t\t\t\t<div class=\"fusion-column-wrapper\" style=\"padding: 0px 0px 0px 0px;background-position:left top;background-repeat:no-repeat;-webkit-background-size:cover;-moz-background-size:cover;-o-background-size:cover;background-size:cover;\"   data-bg-url=\"\">\n\t\t\t\t\t\t<div class=\"fusion-text\"><h1>Creaciones en piedra de lava vidriada \u2013 Roccia Dipinta<\/h1>\n<p>La piedra de lava vidriada enfatiza la naturalidad de la roca de lava y une el vigor de la misma a las diversas soluciones est\u00e9ticas de los esmaltes en una combinaci\u00f3n perfecta.<\/p>\n<p>Trat\u00e1ndose de un producto natural, trabajado artesanalmente, las \u201cimperfecciones est\u00e9ticas\u201d son una caracter\u00edstica distintiva del material. Ninguna base en piedra de lava vidriada ser\u00e1 igual a otra, lo cual hace que cada pieza sea \u00fanica y fascinante.<\/p>\n<\/div><div class=\"fusion-clearfix\"><\/div>\n\n\t\t\t\t\t<\/div>\n\t\t\t\t<\/div><\/div><\/div><div id=\"contenitore\" class=\"fusion-fullwidth fullwidth-box nonhundred-percent-fullwidth non-hundred-percent-height-scrolling\"  style='background-color: #e9e8e8;background-position: center center;background-repeat: no-repeat;padding-top:0px;padding-right:0px;padding-bottom:0px;padding-left:0px;margin-bottom: 30px;margin-top: 30px;'><div class=\"fusion-builder-row fusion-row \"><div  class=\"fusion-layout-column fusion_builder_column fusion_builder_column_1_1 fusion-builder-column-2 fusion-one-full fusion-column-first fusion-column-last 1_1\"  style='margin-top:30px;margin-bottom:30px;'>\n\t\t\t\t\t<div class=\"fusion-column-wrapper\" style=\"padding: 0px 0px 0px 0px;background-position:left top;background-repeat:no-repeat;-webkit-background-size:cover;-moz-background-size:cover;-o-background-size:cover;background-size:cover;\"   data-bg-url=\"\">\n\t\t\t\t\t\t<div class=\"fusion-clearfix\"><\/div>\n\n\t\t\t\t\t<\/div>\n\t\t\t\t<\/div><div  class=\"fusion-layout-column fusion_builder_column fusion_builder_column_1_2 fusion-builder-column-3 fusion-one-half fusion-column-first 1_2\"  style='margin-top:30px;margin-bottom:50px;width:50%;width:calc(50% - ( ( 4% ) * 0.5 ) );margin-right: 4%;'>\n\t\t\t\t\t<div class=\"fusion-column-wrapper\" style=\"padding: 0px 0px 0px 0px;background-position:left top;background-repeat:no-repeat;-webkit-background-size:cover;-moz-background-size:cover;-o-background-size:cover;background-size:cover;\"   data-bg-url=\"\">\n\t\t\t\t\t\t<div class=\"fusion-text\"><p><img loading=\"lazy\" class=\"alignnone wp-image-45 size-full\" src=\"https:\/\/www.rocciadipinta.com\/2022\/wp-content\/uploads\/2021\/12\/bagno-moderno-pietra_dipinta.jpg\" alt=\"\" width=\"1277\" height=\"851\" \/><\/p>\n<\/div><div class=\"fusion-clearfix\"><\/div>\n\n\t\t\t\t\t<\/div>\n\t\t\t\t<\/div><div  class=\"fusion-layout-column fusion_builder_column fusion_builder_column_1_2 fusion-builder-column-4 fusion-one-half fusion-column-last 1_2\"  style='margin-top:30px;margin-bottom:50px;width:50%;width:calc(50% - ( ( 4% ) * 0.5 ) );'>\n\t\t\t\t\t<div class=\"fusion-column-wrapper\" style=\"padding: 0px 0px 0px 0px;background-position:left top;background-repeat:no-repeat;-webkit-background-size:cover;-moz-background-size:cover;-o-background-size:cover;background-size:cover;\"   data-bg-url=\"\">\n\t\t\t\t\t\t<div class=\"fusion-text\"><h2>Revestimientos Superficies<\/h2>\n<p>Roca Pintada realiza revestimientos en piedra de lava en dise\u00f1os \u00fanicos, totalmente personalizados, resistentes y pr\u00e1cticos para limpiar, ideales para cocinas, ba\u00f1os y cualquier otra superficie.<\/p>\n<\/div><div class=\"fusion-clearfix\"><\/div>\n\n\t\t\t\t\t<\/div>\n\t\t\t\t<\/div><\/div><\/div><div class=\"fusion-fullwidth fullwidth-box nonhundred-percent-fullwidth non-hundred-percent-height-scrolling\"  style='background-color: rgba(255,255,255,0);background-position: center center;background-repeat: no-repeat;padding-top:0px;padding-right:0px;padding-bottom:0px;padding-left:0px;margin-bottom: 30px;margin-top: 30px;'><div class=\"fusion-builder-row fusion-row \"><div  class=\"fusion-layout-column fusion_builder_column fusion_builder_column_1_1 fusion-builder-column-5 fusion-one-full fusion-column-first fusion-column-last 1_1\"  style='margin-top:0px;margin-bottom:20px;'>\n\t\t\t\t\t<div class=\"fusion-column-wrapper\" style=\"padding: 0px 0px 0px 0px;background-position:left top;background-repeat:no-repeat;-webkit-background-size:cover;-moz-background-size:cover;-o-background-size:cover;background-size:cover;\"   data-bg-url=\"\">\n\t\t\t\t\t\t<div class=\"fusion-clearfix\"><\/div>\n\n\t\t\t\t\t<\/div>\n\t\t\t\t<\/div><div  class=\"fusion-layout-column fusion_builder_column fusion_builder_column_1_2 fusion-builder-column-6 fusion-one-half fusion-column-first 1_2\"  style='margin-top:30px;margin-bottom:30px;width:50%;width:calc(50% - ( ( 4% ) * 0.5 ) );margin-right: 4%;'>\n\t\t\t\t\t<div class=\"fusion-column-wrapper\" style=\"padding: 0px 0px 0px 0px;background-position:left top;background-repeat:no-repeat;-webkit-background-size:cover;-moz-background-size:cover;-o-background-size:cover;background-size:cover;\"   data-bg-url=\"\">\n\t\t\t\t\t\t<div class=\"fusion-text\"><h2 style=\"text-align: right;\">Revestimientos Ba\u00f1os<\/h2>\n<p style=\"text-align: right;\">Dise\u00f1os y colores crean formas y reflejos \u00fanicos, en grado de caracterizar la zona ba\u00f1o en manera aut\u00e9ntica.<\/p>\n<\/div><div class=\"fusion-clearfix\"><\/div>\n\n\t\t\t\t\t<\/div>\n\t\t\t\t<\/div><div  class=\"fusion-layout-column fusion_builder_column fusion_builder_column_1_2 fusion-builder-column-7 fusion-one-half fusion-column-last 1_2\"  style='margin-top:30px;margin-bottom:30px;width:50%;width:calc(50% - ( ( 4% ) * 0.5 ) );'>\n\t\t\t\t\t<div class=\"fusion-column-wrapper\" style=\"padding: 0px 0px 0px 0px;background-position:left top;background-repeat:no-repeat;-webkit-background-size:cover;-moz-background-size:cover;-o-background-size:cover;background-size:cover;\"   data-bg-url=\"\">\n\t\t\t\t\t\t<div class=\"fusion-text\"><p><img loading=\"lazy\" class=\"alignnone wp-image-138 size-large\" src=\"https:\/\/www.rocciadipinta.com\/2022\/wp-content\/uploads\/2022\/01\/lavabo2-1024x575.jpg\" alt=\"\" width=\"1024\" height=\"575\" \/><\/p>\n<\/div><div class=\"fusion-clearfix\"><\/div>\n\n\t\t\t\t\t<\/div>\n\t\t\t\t<\/div><\/div><\/div><div id=\"contenitore\" class=\"fusion-fullwidth fullwidth-box nonhundred-percent-fullwidth non-hundred-percent-height-scrolling\"  style='background-color: #e9e8e8;background-position: center center;background-repeat: no-repeat;padding-top:0px;padding-right:0px;padding-bottom:0px;padding-left:0px;margin-bottom: 30px;margin-top: 30px;'><div class=\"fusion-builder-row fusion-row \"><div  class=\"fusion-layout-column fusion_builder_column fusion_builder_column_1_1 fusion-builder-column-8 fusion-one-full fusion-column-first fusion-column-last 1_1\"  style='margin-top:30px;margin-bottom:30px;'>\n\t\t\t\t\t<div class=\"fusion-column-wrapper\" style=\"padding: 0px 0px 0px 0px;background-position:left top;background-repeat:no-repeat;-webkit-background-size:cover;-moz-background-size:cover;-o-background-size:cover;background-size:cover;\"   data-bg-url=\"\">\n\t\t\t\t\t\t<div class=\"fusion-clearfix\"><\/div>\n\n\t\t\t\t\t<\/div>\n\t\t\t\t<\/div><div  class=\"fusion-layout-column fusion_builder_column fusion_builder_column_1_2 fusion-builder-column-9 fusion-one-half fusion-column-first 1_2\"  style='margin-top:30px;margin-bottom:50px;width:50%;width:calc(50% - ( ( 4% ) * 0.5 ) );margin-right: 4%;'>\n\t\t\t\t\t<div class=\"fusion-column-wrapper\" style=\"padding: 0px 0px 0px 0px;background-position:left top;background-repeat:no-repeat;-webkit-background-size:cover;-moz-background-size:cover;-o-background-size:cover;background-size:cover;\"   data-bg-url=\"\">\n\t\t\t\t\t\t<div class=\"fusion-text\"><p><img loading=\"lazy\" class=\"alignnone wp-image-116 size-large\" src=\"https:\/\/www.rocciadipinta.com\/2022\/wp-content\/uploads\/2022\/01\/rivestimento_superfici-1024x461.jpg\" alt=\"rivestimento superfici\" width=\"1024\" height=\"461\" \/><\/p>\n<\/div><div class=\"fusion-clearfix\"><\/div>\n\n\t\t\t\t\t<\/div>\n\t\t\t\t<\/div><div  class=\"fusion-layout-column fusion_builder_column fusion_builder_column_1_2 fusion-builder-column-10 fusion-one-half fusion-column-last 1_2\"  style='margin-top:30px;margin-bottom:50px;width:50%;width:calc(50% - ( ( 4% ) * 0.5 ) );'>\n\t\t\t\t\t<div class=\"fusion-column-wrapper\" style=\"padding: 0px 0px 0px 0px;background-position:left top;background-repeat:no-repeat;-webkit-background-size:cover;-moz-background-size:cover;-o-background-size:cover;background-size:cover;\"   data-bg-url=\"\">\n\t\t\t\t\t\t<div class=\"fusion-text\"><h2>Revestimientos Cocina<\/h2>\n<p>Soluciones pr\u00e1cticas y creativas para vuestra cocina: base de apoyo, estanter\u00edas, revestimientos, baldosas, fregaderos.<\/p>\n<\/div><div class=\"fusion-clearfix\"><\/div>\n\n\t\t\t\t\t<\/div>\n\t\t\t\t<\/div><\/div><\/div><div class=\"fusion-fullwidth fullwidth-box nonhundred-percent-fullwidth non-hundred-percent-height-scrolling\"  style='background-color: rgba(255,255,255,0);background-position: center center;background-repeat: no-repeat;padding-top:0px;padding-right:0px;padding-bottom:0px;padding-left:0px;margin-bottom: 30px;margin-top: 30px;'><div class=\"fusion-builder-row fusion-row \"><div  class=\"fusion-layout-column fusion_builder_column fusion_builder_column_1_1 fusion-builder-column-11 fusion-one-full fusion-column-first fusion-column-last 1_1\"  style='margin-top:0px;margin-bottom:20px;'>\n\t\t\t\t\t<div class=\"fusion-column-wrapper\" style=\"padding: 0px 0px 0px 0px;background-position:left top;background-repeat:no-repeat;-webkit-background-size:cover;-moz-background-size:cover;-o-background-size:cover;background-size:cover;\"   data-bg-url=\"\">\n\t\t\t\t\t\t<div class=\"fusion-clearfix\"><\/div>\n\n\t\t\t\t\t<\/div>\n\t\t\t\t<\/div><div  class=\"fusion-layout-column fusion_builder_column fusion_builder_column_1_2 fusion-builder-column-12 fusion-one-half fusion-column-first 1_2\"  style='margin-top:30px;margin-bottom:30px;width:50%;width:calc(50% - ( ( 4% ) * 0.5 ) );margin-right: 4%;'>\n\t\t\t\t\t<div class=\"fusion-column-wrapper\" style=\"padding: 0px 0px 0px 0px;background-position:left top;background-repeat:no-repeat;-webkit-background-size:cover;-moz-background-size:cover;-o-background-size:cover;background-size:cover;\"   data-bg-url=\"\">\n\t\t\t\t\t\t<div class=\"fusion-text\"><h2 style=\"text-align: right;\">Servicios a la medida<\/h2>\n<p style=\"text-align: right;\">Da rienda suelta a tu creatividad en la variedad de soluciones para crear encimeras, estanterias, revestimientos, baldosas, fregaderos, mesa consola y revestimientos para cocinas y ba\u00f1os, paneles decorativos para interior y exterior.<br \/>\nCada elemento de dise\u00f1o o de revestimiento es totalmente personalizable en forma, colores, dimensiones y estilo<\/p>\n<\/div><div class=\"fusion-clearfix\"><\/div>\n\n\t\t\t\t\t<\/div>\n\t\t\t\t<\/div><div  class=\"fusion-layout-column fusion_builder_column fusion_builder_column_1_2 fusion-builder-column-13 fusion-one-half fusion-column-last 1_2\"  style='margin-top:30px;margin-bottom:30px;width:50%;width:calc(50% - ( ( 4% ) * 0.5 ) );'>\n\t\t\t\t\t<div class=\"fusion-column-wrapper\" style=\"padding: 0px 0px 0px 0px;background-position:left top;background-repeat:no-repeat;-webkit-background-size:cover;-moz-background-size:cover;-o-background-size:cover;background-size:cover;\"   data-bg-url=\"\">\n\t\t\t\t\t\t<div class=\"fusion-text\"><p><img loading=\"lazy\" class=\"alignnone wp-image-141 size-large\" src=\"https:\/\/www.rocciadipinta.com\/2022\/wp-content\/uploads\/2022\/01\/Piano-cottura-1024x547.jpg\" alt=\"\" width=\"1024\" height=\"547\" \/><\/p>\n<\/div><div class=\"fusion-clearfix\"><\/div>\n\n\t\t\t\t\t<\/div>\n\t\t\t\t<\/div><\/div><\/div><div id=\"contenitore\" class=\"fusion-fullwidth fullwidth-box nonhundred-percent-fullwidth non-hundred-percent-height-scrolling\"  style='background-color: #e9e8e8;background-position: center center;background-repeat: no-repeat;padding-top:0px;padding-right:0px;padding-bottom:0px;padding-left:0px;margin-bottom: 30px;margin-top: 30px;'><div class=\"fusion-builder-row fusion-row \"><div  class=\"fusion-layout-column fusion_builder_column fusion_builder_column_1_1 fusion-builder-column-14 fusion-one-full fusion-column-first fusion-column-last 1_1\"  style='margin-top:30px;margin-bottom:30px;'>\n\t\t\t\t\t<div class=\"fusion-column-wrapper\" style=\"padding: 0px 0px 0px 0px;background-position:left top;background-repeat:no-repeat;-webkit-background-size:cover;-moz-background-size:cover;-o-background-size:cover;background-size:cover;\"   data-bg-url=\"\">\n\t\t\t\t\t\t<div class=\"fusion-clearfix\"><\/div>\n\n\t\t\t\t\t<\/div>\n\t\t\t\t<\/div><div  class=\"fusion-layout-column fusion_builder_column fusion_builder_column_1_2 fusion-builder-column-15 fusion-one-half fusion-column-first 1_2\"  style='margin-top:30px;margin-bottom:50px;width:50%;width:calc(50% - ( ( 4% ) * 0.5 ) );margin-right: 4%;'>\n\t\t\t\t\t<div class=\"fusion-column-wrapper\" style=\"padding: 0px 0px 0px 0px;background-position:left top;background-repeat:no-repeat;-webkit-background-size:cover;-moz-background-size:cover;-o-background-size:cover;background-size:cover;\"   data-bg-url=\"\">\n\t\t\t\t\t\t<div class=\"fusion-text\"><p><img loading=\"lazy\" class=\"alignnone wp-image-174 size-full\" src=\"https:\/\/www.rocciadipinta.com\/2022\/wp-content\/uploads\/2022\/02\/progettazione_roccia_dipinta.jpg\" alt=\"\" width=\"600\" height=\"474\" \/><\/p>\n<\/div><div class=\"fusion-clearfix\"><\/div>\n\n\t\t\t\t\t<\/div>\n\t\t\t\t<\/div><div  class=\"fusion-layout-column fusion_builder_column fusion_builder_column_1_2 fusion-builder-column-16 fusion-one-half fusion-column-last 1_2\"  style='margin-top:30px;margin-bottom:50px;width:50%;width:calc(50% - ( ( 4% ) * 0.5 ) );'>\n\t\t\t\t\t<div class=\"fusion-column-wrapper\" style=\"padding: 0px 0px 0px 0px;background-position:left top;background-repeat:no-repeat;-webkit-background-size:cover;-moz-background-size:cover;-o-background-size:cover;background-size:cover;\"   data-bg-url=\"\">\n\t\t\t\t\t\t<div class=\"fusion-text\"><h2>Servicios de dise\u00f1o<\/h2>\n<p>Junto a ti creamos productos personalizados. Partiendo de tu idea, trabajamos materiales, formas y colores.<\/p>\n<\/div><div class=\"fusion-clearfix\"><\/div>\n\n\t\t\t\t\t<\/div>\n\t\t\t\t<\/div><\/div><\/div><div class=\"fusion-fullwidth fullwidth-box nonhundred-percent-fullwidth non-hundred-percent-height-scrolling\"  style='background-color: rgba(255,255,255,0);background-position: center center;background-repeat: no-repeat;padding-top:0px;padding-right:0px;padding-bottom:0px;padding-left:0px;margin-bottom: 30px;margin-top: 30px;'><div class=\"fusion-builder-row fusion-row \"><div  class=\"fusion-layout-column fusion_builder_column fusion_builder_column_1_1 fusion-builder-column-17 fusion-one-full fusion-column-first fusion-column-last 1_1\"  style='margin-top:0px;margin-bottom:20px;'>\n\t\t\t\t\t<div class=\"fusion-column-wrapper\" style=\"padding: 0px 0px 0px 0px;background-position:left top;background-repeat:no-repeat;-webkit-background-size:cover;-moz-background-size:cover;-o-background-size:cover;background-size:cover;\"   data-bg-url=\"\">\n\t\t\t\t\t\t<div class=\"fusion-button-wrapper fusion-aligncenter\"><a class=\"fusion-button button-flat fusion-button-default-shape fusion-button-default-size button-default button-1 fusion-button-default-span fusion-button-default-type\" target=\"_self\" href=\"https:\/\/www.rocciadipinta.com\/spa\/campionatura-su-misura\/\"><span class=\"fusion-button-text\">SOLICITA TU MUESTRA<\/span><\/a><\/div><div class=\"fusion-clearfix\"><\/div>\n\n\t\t\t\t\t<\/div>\n\t\t\t\t<\/div><\/div><\/div><\/p>\n","protected":false},"excerpt":{"rendered":"","protected":false},"author":1,"featured_media":0,"parent":0,"menu_order":0,"comment_status":"closed","ping_status":"closed","template":"100-width.php","meta":[],"yoast_head":"<!-- This site is optimized with the Yoast SEO plugin v18.5.1 - https:\/\/yoast.com\/wordpress\/plugins\/seo\/ -->\n<title>realizzazioni - Roccia Dipinta Spa<\/title>\n<meta name=\"robots\" content=\"index, follow, max-snippet:-1, max-image-preview:large, max-video-preview:-1\" \/>\n<link rel=\"canonical\" href=\"https:\/\/www.rocciadipinta.com\/spa\/realizzazioni\/\" \/>\n<meta property=\"og:locale\" content=\"es_ES\" \/>\n<meta property=\"og:type\" content=\"article\" \/>\n<meta property=\"og:title\" content=\"realizzazioni - Roccia Dipinta Spa\" \/>\n<meta property=\"og:url\" content=\"https:\/\/www.rocciadipinta.com\/spa\/realizzazioni\/\" \/>\n<meta property=\"og:site_name\" content=\"Roccia Dipinta Spa\" \/>\n<meta property=\"article:modified_time\" content=\"2022-03-03T08:32:43+00:00\" \/>\n<meta property=\"og:image\" content=\"https:\/\/www.rocciadipinta.com\/2022\/wp-content\/uploads\/2021\/12\/bagno-moderno-pietra_dipinta.jpg\" \/>\n<meta name=\"twitter:card\" content=\"summary_large_image\" \/>\n<meta name=\"twitter:label1\" content=\"Tiempo de lectura\" \/>\n\t<meta name=\"twitter:data1\" content=\"14 minutos\" \/>\n<script type=\"application\/ld+json\" class=\"yoast-schema-graph\">{\"@context\":\"https:\/\/schema.org\",\"@graph\":[{\"@type\":\"WebSite\",\"@id\":\"https:\/\/www.rocciadipinta.com\/spa\/#website\",\"url\":\"https:\/\/www.rocciadipinta.com\/spa\/\",\"name\":\"Roccia Dipinta Spa\",\"description\":\"colour your home with natural stones\",\"potentialAction\":[{\"@type\":\"SearchAction\",\"target\":{\"@type\":\"EntryPoint\",\"urlTemplate\":\"https:\/\/www.rocciadipinta.com\/spa\/?s={search_term_string}\"},\"query-input\":\"required name=search_term_string\"}],\"inLanguage\":\"es\"},{\"@type\":\"ImageObject\",\"@id\":\"https:\/\/www.rocciadipinta.com\/spa\/realizzazioni\/#primaryimage\",\"inLanguage\":\"es\",\"url\":\"https:\/\/www.rocciadipinta.com\/2022\/wp-content\/uploads\/2021\/12\/bagno-moderno-pietra_dipinta.jpg\",\"contentUrl\":\"https:\/\/www.rocciadipinta.com\/2022\/wp-content\/uploads\/2021\/12\/bagno-moderno-pietra_dipinta.jpg\"},{\"@type\":\"WebPage\",\"@id\":\"https:\/\/www.rocciadipinta.com\/spa\/realizzazioni\/#webpage\",\"url\":\"https:\/\/www.rocciadipinta.com\/spa\/realizzazioni\/\",\"name\":\"realizzazioni - Roccia Dipinta Spa\",\"isPartOf\":{\"@id\":\"https:\/\/www.rocciadipinta.com\/spa\/#website\"},\"primaryImageOfPage\":{\"@id\":\"https:\/\/www.rocciadipinta.com\/spa\/realizzazioni\/#primaryimage\"},\"datePublished\":\"2021-12-29T15:09:33+00:00\",\"dateModified\":\"2022-03-03T08:32:43+00:00\",\"breadcrumb\":{\"@id\":\"https:\/\/www.rocciadipinta.com\/spa\/realizzazioni\/#breadcrumb\"},\"inLanguage\":\"es\",\"potentialAction\":[{\"@type\":\"ReadAction\",\"target\":[\"https:\/\/www.rocciadipinta.com\/spa\/realizzazioni\/\"]}]},{\"@type\":\"BreadcrumbList\",\"@id\":\"https:\/\/www.rocciadipinta.com\/spa\/realizzazioni\/#breadcrumb\",\"itemListElement\":[{\"@type\":\"ListItem\",\"position\":1,\"name\":\"Home\",\"item\":\"https:\/\/www.rocciadipinta.com\/spa\/\"},{\"@type\":\"ListItem\",\"position\":2,\"name\":\"realizzazioni\"}]}]}<\/script>\n<!-- \/ Yoast SEO plugin. -->","yoast_head_json":{"title":"realizzazioni - Roccia Dipinta Spa","robots":{"index":"index","follow":"follow","max-snippet":"max-snippet:-1","max-image-preview":"max-image-preview:large","max-video-preview":"max-video-preview:-1"},"canonical":"https:\/\/www.rocciadipinta.com\/spa\/realizzazioni\/","og_locale":"es_ES","og_type":"article","og_title":"realizzazioni - Roccia Dipinta Spa","og_url":"https:\/\/www.rocciadipinta.com\/spa\/realizzazioni\/","og_site_name":"Roccia Dipinta Spa","article_modified_time":"2022-03-03T08:32:43+00:00","og_image":[{"url":"https:\/\/www.rocciadipinta.com\/2022\/wp-content\/uploads\/2021\/12\/bagno-moderno-pietra_dipinta.jpg"}],"twitter_card":"summary_large_image","twitter_misc":{"Tiempo de lectura":"14 minutos"},"schema":{"@context":"https:\/\/schema.org","@graph":[{"@type":"WebSite","@id":"https:\/\/www.rocciadipinta.com\/spa\/#website","url":"https:\/\/www.rocciadipinta.com\/spa\/","name":"Roccia Dipinta Spa","description":"colour your home with natural stones","potentialAction":[{"@type":"SearchAction","target":{"@type":"EntryPoint","urlTemplate":"https:\/\/www.rocciadipinta.com\/spa\/?s={search_term_string}"},"query-input":"required name=search_term_string"}],"inLanguage":"es"},{"@type":"ImageObject","@id":"https:\/\/www.rocciadipinta.com\/spa\/realizzazioni\/#primaryimage","inLanguage":"es","url":"https:\/\/www.rocciadipinta.com\/2022\/wp-content\/uploads\/2021\/12\/bagno-moderno-pietra_dipinta.jpg","contentUrl":"https:\/\/www.rocciadipinta.com\/2022\/wp-content\/uploads\/2021\/12\/bagno-moderno-pietra_dipinta.jpg"},{"@type":"WebPage","@id":"https:\/\/www.rocciadipinta.com\/spa\/realizzazioni\/#webpage","url":"https:\/\/www.rocciadipinta.com\/spa\/realizzazioni\/","name":"realizzazioni - Roccia Dipinta Spa","isPartOf":{"@id":"https:\/\/www.rocciadipinta.com\/spa\/#website"},"primaryImageOfPage":{"@id":"https:\/\/www.rocciadipinta.com\/spa\/realizzazioni\/#primaryimage"},"datePublished":"2021-12-29T15:09:33+00:00","dateModified":"2022-03-03T08:32:43+00:00","breadcrumb":{"@id":"https:\/\/www.rocciadipinta.com\/spa\/realizzazioni\/#breadcrumb"},"inLanguage":"es","potentialAction":[{"@type":"ReadAction","target":["https:\/\/www.rocciadipinta.com\/spa\/realizzazioni\/"]}]},{"@type":"BreadcrumbList","@id":"https:\/\/www.rocciadipinta.com\/spa\/realizzazioni\/#breadcrumb","itemListElement":[{"@type":"ListItem","position":1,"name":"Home","item":"https:\/\/www.rocciadipinta.com\/spa\/"},{"@type":"ListItem","position":2,"name":"realizzazioni"}]}]}},"_links":{"self":[{"href":"https:\/\/www.rocciadipinta.com\/spa\/wp-json\/wp\/v2\/pages\/13"}],"collection":[{"href":"https:\/\/www.rocciadipinta.com\/spa\/wp-json\/wp\/v2\/pages"}],"about":[{"href":"https:\/\/www.rocciadipinta.com\/spa\/wp-json\/wp\/v2\/types\/page"}],"author":[{"embeddable":true,"href":"https:\/\/www.rocciadipinta.com\/spa\/wp-json\/wp\/v2\/users\/1"}],"replies":[{"embeddable":true,"href":"https:\/\/www.rocciadipinta.com\/spa\/wp-json\/wp\/v2\/comments?post=13"}],"version-history":[{"count":2,"href":"https:\/\/www.rocciadipinta.com\/spa\/wp-json\/wp\/v2\/pages\/13\/revisions"}],"predecessor-version":[{"id":221,"href":"https:\/\/www.rocciadipinta.com\/spa\/wp-json\/wp\/v2\/pages\/13\/revisions\/221"}],"wp:attachment":[{"href":"https:\/\/www.rocciadipinta.com\/spa\/wp-json\/wp\/v2\/media?parent=13"}],"curies":[{"name":"wp","href":"https:\/\/api.w.org\/{rel}","templated":true}]}}