{"id":11,"date":"2021-12-29T16:09:24","date_gmt":"2021-12-29T15:09:24","guid":{"rendered":"https:\/\/www.rocciadipinta.com\/2022\/?page_id=11"},"modified":"2022-03-03T09:01:11","modified_gmt":"2022-03-03T08:01:11","slug":"roccia-dipinta","status":"publish","type":"page","link":"https:\/\/www.rocciadipinta.com\/spa\/roccia-dipinta\/","title":{"rendered":"roccia dipinta"},"content":{"rendered":"<p><div class=\"fusion-fullwidth fullwidth-box nonhundred-percent-fullwidth non-hundred-percent-height-scrolling\"  style='background-color: rgba(255,255,255,0);background-position: center center;background-repeat: no-repeat;padding-top:0px;padding-right:0px;padding-bottom:0px;padding-left:0px;'><div class=\"fusion-builder-row fusion-row \"><div  class=\"fusion-layout-column fusion_builder_column fusion_builder_column_1_1 fusion-builder-column-1 fusion-one-full fusion-column-first fusion-column-last 1_1\"  style='margin-top:0px;margin-bottom:0px;'>\n\t\t\t\t\t<div class=\"fusion-column-wrapper\" style=\"padding: 0px 0px 0px 0px;background-position:left top;background-repeat:no-repeat;-webkit-background-size:cover;-moz-background-size:cover;-o-background-size:cover;background-size:cover;\"   data-bg-url=\"\">\n\t\t\t\t\t\t<div class=\"fusion-text\"><p><strong>Roccia Dipinta\u00a0<\/strong>nace para satisfacer las exigencias de quien desea un producto personalizable, en sintonia con el propio estilo, que permita reinventar el propio ambiente dom\u00e9stico y profesional a partir de si mismo.<\/p>\n<p>La amplia gama de soluciones te consiente liberar tu creatividad y se traduce en la realizaci\u00f3n de revestimientos de ba\u00f1os y cocinas, por ejemplo, o en la creaci\u00f3n de objetos de dise\u00f1os, como fregaderos, encimeras de ba\u00f1o, mesones de cocina, plato ducha, entre otros.<\/p>\n<p>La piedra de lava procedente del Etna y de Cimino se colorea con pigmentos y materiales naturales y se calienta en altos hornos especiales con el fin de unir en un cuerpo unico dos elementos:<\/p>\n<ul>\n<li><strong>La belleza de la piedra natural<\/strong><\/li>\n<li><strong>La vitalidad del color<\/strong><\/li>\n<\/ul>\n<\/div><div class=\"fusion-clearfix\"><\/div>\n\n\t\t\t\t\t<\/div>\n\t\t\t\t<\/div><\/div><\/div><div class=\"fusion-fullwidth fullwidth-box nonhundred-percent-fullwidth non-hundred-percent-height-scrolling\"  style='background-color: rgba(255,255,255,0);background-position: center center;background-repeat: no-repeat;padding-top:0px;padding-right:0px;padding-bottom:0px;padding-left:0px;'><div class=\"fusion-builder-row fusion-row \"><div  class=\"fusion-layout-column fusion_builder_column fusion_builder_column_1_3 fusion-builder-column-2 fusion-one-third fusion-column-first 1_3\"  style='margin-top:0px;margin-bottom:20px;width:33.33%;width:calc(33.33% - ( ( 4% + 4% ) * 0.3333 ) );margin-right: 4%;'>\n\t\t\t\t\t<div class=\"fusion-column-wrapper\" style=\"padding: 0px 0px 0px 0px;background-position:left top;background-repeat:no-repeat;-webkit-background-size:cover;-moz-background-size:cover;-o-background-size:cover;background-size:cover;\"   data-bg-url=\"\">\n\t\t\t\t\t\t<div class=\"imageframe-align-center\"><div class=\"fusion-image-frame-bottomshadow element-bottomshadow image-frame-shadow-1\"><style>.fusion-image-frame-bottomshadow.image-frame-shadow-1{display:inline-block}.element-bottomshadow.imageframe-1:before, .element-bottomshadow.imageframe-1:after{-webkit-box-shadow: 0 17px 10px rgba(0,0,0,0.4);box-shadow: 0 17px 10px rgba(0,0,0,0.4);}<\/style><span class=\"fusion-imageframe imageframe-bottomshadow imageframe-1 element-bottomshadow hover-type-zoomin\"><img src=\"https:\/\/www.rocciadipinta.com\/2022\/wp-content\/uploads\/2021\/12\/bago-VE-pietra-dipinta-300x207.jpg\"   alt=\"\" title=\"\" class=\"img-responsive\"\/><\/span><\/div><\/div><div class=\"fusion-clearfix\"><\/div>\n\n\t\t\t\t\t<\/div>\n\t\t\t\t<\/div><div  class=\"fusion-layout-column fusion_builder_column fusion_builder_column_1_3 fusion-builder-column-3 fusion-one-third 1_3\"  style='margin-top:0px;margin-bottom:20px;width:33.33%;width:calc(33.33% - ( ( 4% + 4% ) * 0.3333 ) );margin-right: 4%;'>\n\t\t\t\t\t<div class=\"fusion-column-wrapper\" style=\"padding: 0px 0px 0px 0px;background-position:left top;background-repeat:no-repeat;-webkit-background-size:cover;-moz-background-size:cover;-o-background-size:cover;background-size:cover;\"   data-bg-url=\"\">\n\t\t\t\t\t\t<div class=\"imageframe-align-center\"><div class=\"fusion-image-frame-bottomshadow element-bottomshadow image-frame-shadow-2\"><style>.fusion-image-frame-bottomshadow.image-frame-shadow-2{display:inline-block}.element-bottomshadow.imageframe-2:before, .element-bottomshadow.imageframe-2:after{-webkit-box-shadow: 0 17px 10px rgba(0,0,0,0.4);box-shadow: 0 17px 10px rgba(0,0,0,0.4);}<\/style><span class=\"fusion-imageframe imageframe-bottomshadow imageframe-2 element-bottomshadow hover-type-zoomin\"><img src=\"https:\/\/www.rocciadipinta.com\/2022\/wp-content\/uploads\/2021\/12\/bagno-rustico-pietra_dipinta2-300x193.jpg\"   alt=\"\" title=\"\" class=\"img-responsive\"\/><\/span><\/div><\/div><div class=\"fusion-clearfix\"><\/div>\n\n\t\t\t\t\t<\/div>\n\t\t\t\t<\/div><div  class=\"fusion-layout-column fusion_builder_column fusion_builder_column_1_3 fusion-builder-column-4 fusion-one-third fusion-column-last 1_3\"  style='margin-top:0px;margin-bottom:20px;width:33.33%;width:calc(33.33% - ( ( 4% + 4% ) * 0.3333 ) );'>\n\t\t\t\t\t<div class=\"fusion-column-wrapper\" style=\"padding: 0px 0px 0px 0px;background-position:left top;background-repeat:no-repeat;-webkit-background-size:cover;-moz-background-size:cover;-o-background-size:cover;background-size:cover;\"   data-bg-url=\"\">\n\t\t\t\t\t\t<div class=\"imageframe-align-center\"><div class=\"fusion-image-frame-bottomshadow element-bottomshadow image-frame-shadow-3\"><style>.fusion-image-frame-bottomshadow.image-frame-shadow-3{display:inline-block}.element-bottomshadow.imageframe-3:before, .element-bottomshadow.imageframe-3:after{-webkit-box-shadow: 0 17px 10px rgba(0,0,0,0.4);box-shadow: 0 17px 10px rgba(0,0,0,0.4);}<\/style><span class=\"fusion-imageframe imageframe-bottomshadow imageframe-3 element-bottomshadow hover-type-zoomin\"><img src=\"https:\/\/www.rocciadipinta.com\/2022\/wp-content\/uploads\/2021\/12\/bagno-moderno-pietra_dipinta-300x200.jpg\"   alt=\"\" title=\"\" class=\"img-responsive\"\/><\/span><\/div><\/div><div class=\"fusion-clearfix\"><\/div>\n\n\t\t\t\t\t<\/div>\n\t\t\t\t<\/div><div  class=\"fusion-layout-column fusion_builder_column fusion_builder_column_1_1 fusion-builder-column-5 fusion-one-full fusion-column-first fusion-column-last 1_1\"  style='margin-top:0px;margin-bottom:20px;'>\n\t\t\t\t\t<div class=\"fusion-column-wrapper\" style=\"padding: 0px 0px 0px 0px;background-position:left top;background-repeat:no-repeat;-webkit-background-size:cover;-moz-background-size:cover;-o-background-size:cover;background-size:cover;\"   data-bg-url=\"\">\n\t\t\t\t\t\t<div class=\"fusion-sep-clear\"><\/div><div class=\"fusion-separator fusion-full-width-sep sep-single sep-solid\" style=\"border-color:#e0dede;border-top-width:1px;margin-left: auto;margin-right: auto;margin-top:20px;margin-bottom:20px;\"><\/div><div class=\"fusion-text\"><p>Elige <strong>Roccia Dipinta<\/strong> y tendr\u00e1s la garantia de:<\/p>\n<ul>\n<li><strong>Un producto de dise\u00f1o de alto valor artesanal<\/strong><\/li>\n<li><strong>Una pieza \u00fanica, realizada a la medida<\/strong><\/li>\n<\/ul>\n<\/div><div class=\"fusion-button-wrapper fusion-aligncenter\"><a class=\"fusion-button button-flat fusion-button-default-shape fusion-button-default-size button-default button-1 fusion-button-default-span fusion-button-default-type\" target=\"_self\" href=\"https:\/\/www.rocciadipinta.com\/spa\/campionatura-su-misura\/\"><span class=\"fusion-button-text\">MUESTREO A TU MEDIDA<\/span><\/a><\/div><div class=\"fusion-clearfix\"><\/div>\n\n\t\t\t\t\t<\/div>\n\t\t\t\t<\/div><\/div><\/div><\/p>\n","protected":false},"excerpt":{"rendered":"","protected":false},"author":1,"featured_media":0,"parent":0,"menu_order":0,"comment_status":"closed","ping_status":"closed","template":"","meta":[],"yoast_head":"<!-- This site is optimized with the Yoast SEO plugin v18.5.1 - https:\/\/yoast.com\/wordpress\/plugins\/seo\/ -->\n<title>roccia dipinta - Roccia Dipinta Spa<\/title>\n<meta name=\"robots\" content=\"index, follow, max-snippet:-1, max-image-preview:large, max-video-preview:-1\" \/>\n<link rel=\"canonical\" href=\"https:\/\/www.rocciadipinta.com\/spa\/roccia-dipinta\/\" \/>\n<meta property=\"og:locale\" content=\"es_ES\" \/>\n<meta property=\"og:type\" content=\"article\" \/>\n<meta property=\"og:title\" content=\"roccia dipinta - Roccia Dipinta Spa\" \/>\n<meta property=\"og:url\" content=\"https:\/\/www.rocciadipinta.com\/spa\/roccia-dipinta\/\" \/>\n<meta property=\"og:site_name\" content=\"Roccia Dipinta Spa\" \/>\n<meta property=\"article:modified_time\" content=\"2022-03-03T08:01:11+00:00\" \/>\n<meta name=\"twitter:card\" content=\"summary_large_image\" \/>\n<meta name=\"twitter:label1\" content=\"Tiempo de lectura\" \/>\n\t<meta name=\"twitter:data1\" content=\"6 minutos\" \/>\n<script type=\"application\/ld+json\" class=\"yoast-schema-graph\">{\"@context\":\"https:\/\/schema.org\",\"@graph\":[{\"@type\":\"WebSite\",\"@id\":\"https:\/\/www.rocciadipinta.com\/spa\/#website\",\"url\":\"https:\/\/www.rocciadipinta.com\/spa\/\",\"name\":\"Roccia Dipinta Spa\",\"description\":\"colour your home with natural stones\",\"potentialAction\":[{\"@type\":\"SearchAction\",\"target\":{\"@type\":\"EntryPoint\",\"urlTemplate\":\"https:\/\/www.rocciadipinta.com\/spa\/?s={search_term_string}\"},\"query-input\":\"required name=search_term_string\"}],\"inLanguage\":\"es\"},{\"@type\":\"WebPage\",\"@id\":\"https:\/\/www.rocciadipinta.com\/spa\/roccia-dipinta\/#webpage\",\"url\":\"https:\/\/www.rocciadipinta.com\/spa\/roccia-dipinta\/\",\"name\":\"roccia dipinta - Roccia Dipinta Spa\",\"isPartOf\":{\"@id\":\"https:\/\/www.rocciadipinta.com\/spa\/#website\"},\"datePublished\":\"2021-12-29T15:09:24+00:00\",\"dateModified\":\"2022-03-03T08:01:11+00:00\",\"breadcrumb\":{\"@id\":\"https:\/\/www.rocciadipinta.com\/spa\/roccia-dipinta\/#breadcrumb\"},\"inLanguage\":\"es\",\"potentialAction\":[{\"@type\":\"ReadAction\",\"target\":[\"https:\/\/www.rocciadipinta.com\/spa\/roccia-dipinta\/\"]}]},{\"@type\":\"BreadcrumbList\",\"@id\":\"https:\/\/www.rocciadipinta.com\/spa\/roccia-dipinta\/#breadcrumb\",\"itemListElement\":[{\"@type\":\"ListItem\",\"position\":1,\"name\":\"Home\",\"item\":\"https:\/\/www.rocciadipinta.com\/spa\/\"},{\"@type\":\"ListItem\",\"position\":2,\"name\":\"roccia dipinta\"}]}]}<\/script>\n<!-- \/ Yoast SEO plugin. -->","yoast_head_json":{"title":"roccia dipinta - Roccia Dipinta Spa","robots":{"index":"index","follow":"follow","max-snippet":"max-snippet:-1","max-image-preview":"max-image-preview:large","max-video-preview":"max-video-preview:-1"},"canonical":"https:\/\/www.rocciadipinta.com\/spa\/roccia-dipinta\/","og_locale":"es_ES","og_type":"article","og_title":"roccia dipinta - Roccia Dipinta Spa","og_url":"https:\/\/www.rocciadipinta.com\/spa\/roccia-dipinta\/","og_site_name":"Roccia Dipinta Spa","article_modified_time":"2022-03-03T08:01:11+00:00","twitter_card":"summary_large_image","twitter_misc":{"Tiempo de lectura":"6 minutos"},"schema":{"@context":"https:\/\/schema.org","@graph":[{"@type":"WebSite","@id":"https:\/\/www.rocciadipinta.com\/spa\/#website","url":"https:\/\/www.rocciadipinta.com\/spa\/","name":"Roccia Dipinta Spa","description":"colour your home with natural stones","potentialAction":[{"@type":"SearchAction","target":{"@type":"EntryPoint","urlTemplate":"https:\/\/www.rocciadipinta.com\/spa\/?s={search_term_string}"},"query-input":"required name=search_term_string"}],"inLanguage":"es"},{"@type":"WebPage","@id":"https:\/\/www.rocciadipinta.com\/spa\/roccia-dipinta\/#webpage","url":"https:\/\/www.rocciadipinta.com\/spa\/roccia-dipinta\/","name":"roccia dipinta - Roccia Dipinta Spa","isPartOf":{"@id":"https:\/\/www.rocciadipinta.com\/spa\/#website"},"datePublished":"2021-12-29T15:09:24+00:00","dateModified":"2022-03-03T08:01:11+00:00","breadcrumb":{"@id":"https:\/\/www.rocciadipinta.com\/spa\/roccia-dipinta\/#breadcrumb"},"inLanguage":"es","potentialAction":[{"@type":"ReadAction","target":["https:\/\/www.rocciadipinta.com\/spa\/roccia-dipinta\/"]}]},{"@type":"BreadcrumbList","@id":"https:\/\/www.rocciadipinta.com\/spa\/roccia-dipinta\/#breadcrumb","itemListElement":[{"@type":"ListItem","position":1,"name":"Home","item":"https:\/\/www.rocciadipinta.com\/spa\/"},{"@type":"ListItem","position":2,"name":"roccia dipinta"}]}]}},"_links":{"self":[{"href":"https:\/\/www.rocciadipinta.com\/spa\/wp-json\/wp\/v2\/pages\/11"}],"collection":[{"href":"https:\/\/www.rocciadipinta.com\/spa\/wp-json\/wp\/v2\/pages"}],"about":[{"href":"https:\/\/www.rocciadipinta.com\/spa\/wp-json\/wp\/v2\/types\/page"}],"author":[{"embeddable":true,"href":"https:\/\/www.rocciadipinta.com\/spa\/wp-json\/wp\/v2\/users\/1"}],"replies":[{"embeddable":true,"href":"https:\/\/www.rocciadipinta.com\/spa\/wp-json\/wp\/v2\/comments?post=11"}],"version-history":[{"count":2,"href":"https:\/\/www.rocciadipinta.com\/spa\/wp-json\/wp\/v2\/pages\/11\/revisions"}],"predecessor-version":[{"id":209,"href":"https:\/\/www.rocciadipinta.com\/spa\/wp-json\/wp\/v2\/pages\/11\/revisions\/209"}],"wp:attachment":[{"href":"https:\/\/www.rocciadipinta.com\/spa\/wp-json\/wp\/v2\/media?parent=11"}],"curies":[{"name":"wp","href":"https:\/\/api.w.org\/{rel}","templated":true}]}}