{"id":9,"date":"2021-12-29T16:09:12","date_gmt":"2021-12-29T15:09:12","guid":{"rendered":"https:\/\/www.rocciadipinta.com\/2022\/?page_id=9"},"modified":"2022-02-05T06:18:52","modified_gmt":"2022-02-05T05:18:52","slug":"home","status":"publish","type":"page","link":"https:\/\/www.rocciadipinta.com\/fra\/","title":{"rendered":"home"},"content":{"rendered":"<div class=\"fusion-fullwidth fullwidth-box nonhundred-percent-fullwidth non-hundred-percent-height-scrolling\"  style='background-color: rgba(255,255,255,0);background-position: center center;background-repeat: no-repeat;padding-top:0px;padding-right:0px;padding-bottom:0px;padding-left:0px;'><div class=\"fusion-builder-row fusion-row \"><div  class=\"fusion-layout-column fusion_builder_column fusion_builder_column_1_2 fusion-builder-column-1 fusion-one-half fusion-column-first 1_2\"  style='margin-top:0px;margin-bottom:20px;width:50%;width:calc(50% - ( ( 4% ) * 0.5 ) );margin-right: 4%;'>\n\t\t\t\t\t<div class=\"fusion-column-wrapper\" style=\"padding: 0px 0px 0px 0px;background-position:left top;background-repeat:no-repeat;-webkit-background-size:cover;-moz-background-size:cover;-o-background-size:cover;background-size:cover;\"   data-bg-url=\"\">\n\t\t\t\t\t\t<div class=\"fusion-text\"><p><img loading=\"lazy\" class=\"alignnone wp-image-163 size-full\" src=\"https:\/\/www.rocciadipinta.com\/2022\/fra\/wp-content\/uploads\/sites\/3\/2022\/02\/cose_roccia_dipinta.jpg\" alt=\"\" width=\"600\" height=\"903\" srcset=\"https:\/\/www.rocciadipinta.com\/fra\/wp-content\/uploads\/sites\/3\/2022\/02\/cose_roccia_dipinta-199x300.jpg 199w, https:\/\/www.rocciadipinta.com\/fra\/wp-content\/uploads\/sites\/3\/2022\/02\/cose_roccia_dipinta-200x301.jpg 200w, https:\/\/www.rocciadipinta.com\/fra\/wp-content\/uploads\/sites\/3\/2022\/02\/cose_roccia_dipinta-400x602.jpg 400w, https:\/\/www.rocciadipinta.com\/fra\/wp-content\/uploads\/sites\/3\/2022\/02\/cose_roccia_dipinta.jpg 600w\" sizes=\"(max-width: 600px) 100vw, 600px\" \/><\/p>\n<\/div><div class=\"fusion-clearfix\"><\/div>\n\n\t\t\t\t\t<\/div>\n\t\t\t\t<\/div><div  class=\"fusion-layout-column fusion_builder_column fusion_builder_column_1_2 fusion-builder-column-2 fusion-one-half fusion-column-last 1_2\"  style='margin-top:0px;margin-bottom:20px;width:50%;width:calc(50% - ( ( 4% ) * 0.5 ) );'>\n\t\t\t\t\t<div class=\"fusion-column-wrapper\" style=\"padding: 0px 0px 0px 0px;background-position:left top;background-repeat:no-repeat;-webkit-background-size:cover;-moz-background-size:cover;-o-background-size:cover;background-size:cover;\"   data-bg-url=\"\">\n\t\t\t\t\t\t<div class=\"fusion-text\"><h1 style=\"margin-top: 0;\">Roccia Dipinta<\/h1>\n<p>Roccia Dipinta est la combinaison gagnante d&rsquo;un mat\u00e9riau 100% naturel avec la ma\u00eetrise et un savoir-faire artisanale qui donne au produit une lumi\u00e8re, une couleur et des nuances uniques.<\/p>\n<p>Roccia Dipinta est un projet cr\u00e9\u00e9 pour vous permettre de personnaliser votre environnement priv\u00e9 ou professionnel \u00e0 partir de vos id\u00e9es et de votre style. Notre philosophie de production est essentiellement bas\u00e9e sur le sur-mesure, certain de pouvoir mettre \u00e0 la disposition de nos clients une large gamme de solutions.<\/p>\n<p>Roccia Dipinta est enti\u00e8rement fabriqu\u00e9 en Italie, depuis l&rsquo;origine de la mati\u00e8re premi\u00e8re, la conception jusqu&rsquo;\u00e0 la r\u00e9alisation du produit fini.<\/p>\n<p>Roccia Dipinta est un \u00e9l\u00e9ment polyvalent adapt\u00e9 \u00e0 une pluralit\u00e9 d&rsquo;environnements et de solutions, id\u00e9al pour cr\u00e9er des rev\u00eatements de salle de bains et de salon, et divers types de produits personnalis\u00e9s, tels que plans de travail et de cuisine, \u00e9viers, receveurs de douche, tables, sols, escaliers, chemin\u00e9es, pour l&rsquo;int\u00e9rieur et l&rsquo;ext\u00e9rieur.<\/p>\n<p>Roccia Dipinta vous offre la possibilit\u00e9 de voir et de toucher les \u00e9chantillons r\u00e9alis\u00e9s selon vos souhaits. Choisissez notre service d&rsquo;\u00e9chantillonnage pour recevoir confortablement des \u00e9chantillons sur mesure pour vous \u00e0 la maison.<\/p>\n<\/div><div class=\"fusion-button-wrapper\"><a class=\"fusion-button button-flat fusion-button-default-shape fusion-button-default-size button-default button-1 fusion-button-default-span fusion-button-default-type\" target=\"_self\" href=\"https:\/\/www.rocciadipinta.com\/fra\/campionatura-su-misura\/\"><span class=\"fusion-button-text\">D\u00c9COUVRIR LA PRESTATION<\/span><\/a><\/div><div class=\"fusion-clearfix\"><\/div>\n\n\t\t\t\t\t<\/div>\n\t\t\t\t<\/div><div  class=\"fusion-layout-column fusion_builder_column fusion_builder_column_1_1 fusion-builder-column-3 fusion-one-full fusion-column-first fusion-column-last 1_1\"  style='margin-top:0px;margin-bottom:20px;'>\n\t\t\t\t\t<div class=\"fusion-column-wrapper\" style=\"padding: 0px 0px 0px 0px;background-position:left top;background-repeat:no-repeat;-webkit-background-size:cover;-moz-background-size:cover;-o-background-size:cover;background-size:cover;\"   data-bg-url=\"\">\n\t\t\t\t\t\t<div class=\"fusion-sep-clear\"><\/div><div class=\"fusion-separator fusion-full-width-sep sep-single sep-solid\" style=\"border-color:#e0dede;border-top-width:1px;margin-left: auto;margin-right: auto;margin-top:50px;margin-bottom:50px;\"><\/div><div class=\"fusion-clearfix\"><\/div>\n\n\t\t\t\t\t<\/div>\n\t\t\t\t<\/div><div  class=\"fusion-layout-column fusion_builder_column fusion_builder_column_1_1 fusion-builder-column-4 fusion-one-full fusion-column-first fusion-column-last 1_1\"  style='margin-top:0px;margin-bottom:20px;'>\n\t\t\t\t\t<div class=\"fusion-column-wrapper\" style=\"padding: 0px 0px 0px 0px;background-position:left top;background-repeat:no-repeat;-webkit-background-size:cover;-moz-background-size:cover;-o-background-size:cover;background-size:cover;\"   data-bg-url=\"\">\n\t\t\t\t\t\t<div class=\"fusion-text\"><h1 style=\"text-align: center;\">Dal blog<\/h1>\n<\/div><div class=\"fusion-recent-posts fusion-recent-posts-1 avada-container layout-default layout-columns-2\"><section class=\"fusion-columns columns fusion-columns-2 columns-2\"><article class=\"post fusion-column column col col-lg-6 col-md-6 col-sm-6\"><div class=\"fusion-flexslider fusion-flexslider-loading flexslider flexslider-hover-type-none\"><ul class=\"slides\"><li><a href=\"https:\/\/www.rocciadipinta.com\/fra\/immagina-il-tuo-ambiente-a-partire-da-te\/\" aria-label=\"Imaginez vous-m\u00eame votre environnement (\u00e0 partir de vous)\" class=\"hover-type-none\"><img width=\"644\" height=\"414\" src=\"https:\/\/www.rocciadipinta.com\/fra\/wp-content\/uploads\/sites\/3\/2021\/12\/bagno-rustico-pietra_dipinta2.jpg\" class=\"attachment-recent-posts size-recent-posts\" alt=\"\" loading=\"lazy\" srcset=\"https:\/\/www.rocciadipinta.com\/fra\/wp-content\/uploads\/sites\/3\/2021\/12\/bagno-rustico-pietra_dipinta2-300x193.jpg 300w, https:\/\/www.rocciadipinta.com\/fra\/wp-content\/uploads\/sites\/3\/2021\/12\/bagno-rustico-pietra_dipinta2-460x295.jpg 460w, https:\/\/www.rocciadipinta.com\/fra\/wp-content\/uploads\/sites\/3\/2021\/12\/bagno-rustico-pietra_dipinta2.jpg 644w\" sizes=\"(max-width: 644px) 100vw, 644px\" \/><\/a><\/li><\/ul><\/div><div class=\"recent-posts-content\"><span class=\"vcard\" style=\"display: none;\"><span class=\"fn\"><a href=\"https:\/\/www.rocciadipinta.com\/fra\/author\/rocciadipinta\/\" title=\"Articles par Rocciadipinta\" rel=\"author\">Rocciadipinta<\/a><\/span><\/span><span class=\"updated\" style=\"display:none;\">2022-05-27T10:45:38+02:00<\/span><h4 class=\"entry-title\"><a href=\"https:\/\/www.rocciadipinta.com\/fra\/immagina-il-tuo-ambiente-a-partire-da-te\/\">Imaginez vous-m\u00eame votre environnement (\u00e0 partir de vous)<\/a><\/h4><p>Vivre dans une ambiance stimulante, fun et en ligne avec nos esprits nous semble plus important pour notre s\u00e9r\u00e9nit\u00e9 et notre productivit\u00e9. Ces derniers temps, nous nous retrouvons \u00e0 passer de plus en plus de temps dans notre environnement prot\u00e9g\u00e9. Imaginer l'environnement dans lequel nous voudrions (voulons) vivre n'est peut-\u00eatre pas facile car nous sommes [...]<\/p><\/div><\/article><article class=\"post fusion-column column col col-lg-6 col-md-6 col-sm-6\"><div class=\"fusion-flexslider fusion-flexslider-loading flexslider flexslider-hover-type-none\"><ul class=\"slides\"><li><a href=\"https:\/\/www.rocciadipinta.com\/fra\/come-sfruttare-i-benefici-energetici-della-pietra-lavica-per-vivere-meglio\/\" aria-label=\"Comment profiter des bienfaits \u00e9nerg\u00e9tiques de la pierre de lave pour mieux vivre\" class=\"hover-type-none\"><img width=\"441\" height=\"441\" src=\"https:\/\/www.rocciadipinta.com\/fra\/wp-content\/uploads\/sites\/3\/2022\/01\/prodotto_artigianale.png\" class=\"attachment-recent-posts size-recent-posts\" alt=\"\" loading=\"lazy\" srcset=\"https:\/\/www.rocciadipinta.com\/fra\/wp-content\/uploads\/sites\/3\/2022\/01\/prodotto_artigianale-150x150.png 150w, https:\/\/www.rocciadipinta.com\/fra\/wp-content\/uploads\/sites\/3\/2022\/01\/prodotto_artigianale-300x300.png 300w, https:\/\/www.rocciadipinta.com\/fra\/wp-content\/uploads\/sites\/3\/2022\/01\/prodotto_artigianale-768x768.png 768w, https:\/\/www.rocciadipinta.com\/fra\/wp-content\/uploads\/sites\/3\/2022\/01\/prodotto_artigianale-1024x1024.png 1024w, https:\/\/www.rocciadipinta.com\/fra\/wp-content\/uploads\/sites\/3\/2022\/01\/prodotto_artigianale-1536x1536.png 1536w, https:\/\/www.rocciadipinta.com\/fra\/wp-content\/uploads\/sites\/3\/2022\/01\/prodotto_artigianale.png 1573w\" sizes=\"(max-width: 441px) 100vw, 441px\" \/><\/a><\/li><\/ul><\/div><div class=\"recent-posts-content\"><span class=\"vcard\" style=\"display: none;\"><span class=\"fn\"><a href=\"https:\/\/www.rocciadipinta.com\/fra\/author\/rocciadipinta\/\" title=\"Articles par Rocciadipinta\" rel=\"author\">Rocciadipinta<\/a><\/span><\/span><span class=\"updated\" style=\"display:none;\">2022-05-27T10:37:58+02:00<\/span><h4 class=\"entry-title\"><a href=\"https:\/\/www.rocciadipinta.com\/fra\/come-sfruttare-i-benefici-energetici-della-pietra-lavica-per-vivere-meglio\/\">Comment profiter des bienfaits \u00e9nerg\u00e9tiques de la pierre de lave pour mieux vivre<\/a><\/h4><p>D'Hawa\u00ef au Japon, de l'Islande \u00e0 l'Afrique, dans les cultures du monde entier, l'homme a donn\u00e9 diverses interpr\u00e9tations aux ph\u00e9nom\u00e8nes volcaniques (pierre de lave). Parfois consid\u00e9r\u00e9 comme une manifestation de la col\u00e8re divine, parfois comme des \u00e9v\u00e9nements surnaturels. Mythes et l\u00e9gendes se succ\u00e8dent depuis des si\u00e8cles pour tenter d'expliquer le ph\u00e9nom\u00e8ne naturel de l'\u00e9ruption volcanique. [...]<\/p><\/div><\/article><\/section><\/div><div class=\"fusion-clearfix\"><\/div>\n\n\t\t\t\t\t<\/div>\n\t\t\t\t<\/div><\/div><\/div>\n","protected":false},"excerpt":{"rendered":"","protected":false},"author":1,"featured_media":0,"parent":0,"menu_order":0,"comment_status":"closed","ping_status":"closed","template":"","meta":[],"yoast_head":"<!-- This site is optimized with the Yoast SEO plugin v18.5.1 - https:\/\/yoast.com\/wordpress\/plugins\/seo\/ -->\n<title>home - Roccia Dipinta Fra<\/title>\n<meta name=\"robots\" content=\"index, follow, max-snippet:-1, max-image-preview:large, max-video-preview:-1\" \/>\n<link rel=\"canonical\" href=\"https:\/\/www.rocciadipinta.com\/fra\/\" \/>\n<meta property=\"og:locale\" content=\"fr_FR\" \/>\n<meta property=\"og:type\" content=\"article\" \/>\n<meta property=\"og:title\" content=\"home - Roccia Dipinta Fra\" \/>\n<meta property=\"og:url\" content=\"https:\/\/www.rocciadipinta.com\/fra\/\" \/>\n<meta property=\"og:site_name\" content=\"Roccia Dipinta Fra\" \/>\n<meta property=\"article:modified_time\" content=\"2022-02-05T05:18:52+00:00\" \/>\n<meta property=\"og:image\" content=\"https:\/\/www.rocciadipinta.com\/2022\/fra\/wp-content\/uploads\/sites\/3\/2022\/02\/cose_roccia_dipinta.jpg\" \/>\n<meta name=\"twitter:card\" content=\"summary_large_image\" \/>\n<meta name=\"twitter:label1\" content=\"Dur\u00e9e de lecture estim\u00e9e\" \/>\n\t<meta name=\"twitter:data1\" content=\"5 minutes\" \/>\n<script type=\"application\/ld+json\" class=\"yoast-schema-graph\">{\"@context\":\"https:\/\/schema.org\",\"@graph\":[{\"@type\":\"WebSite\",\"@id\":\"https:\/\/www.rocciadipinta.com\/fra\/#website\",\"url\":\"https:\/\/www.rocciadipinta.com\/fra\/\",\"name\":\"Roccia Dipinta Fra\",\"description\":\"colour your home with natural stones\",\"potentialAction\":[{\"@type\":\"SearchAction\",\"target\":{\"@type\":\"EntryPoint\",\"urlTemplate\":\"https:\/\/www.rocciadipinta.com\/fra\/?s={search_term_string}\"},\"query-input\":\"required name=search_term_string\"}],\"inLanguage\":\"fr-FR\"},{\"@type\":\"ImageObject\",\"@id\":\"https:\/\/www.rocciadipinta.com\/fra\/#primaryimage\",\"inLanguage\":\"fr-FR\",\"url\":\"https:\/\/www.rocciadipinta.com\/2022\/fra\/wp-content\/uploads\/sites\/3\/2022\/02\/cose_roccia_dipinta.jpg\",\"contentUrl\":\"https:\/\/www.rocciadipinta.com\/2022\/fra\/wp-content\/uploads\/sites\/3\/2022\/02\/cose_roccia_dipinta.jpg\"},{\"@type\":\"WebPage\",\"@id\":\"https:\/\/www.rocciadipinta.com\/fra\/#webpage\",\"url\":\"https:\/\/www.rocciadipinta.com\/fra\/\",\"name\":\"home - Roccia Dipinta Fra\",\"isPartOf\":{\"@id\":\"https:\/\/www.rocciadipinta.com\/fra\/#website\"},\"primaryImageOfPage\":{\"@id\":\"https:\/\/www.rocciadipinta.com\/fra\/#primaryimage\"},\"datePublished\":\"2021-12-29T15:09:12+00:00\",\"dateModified\":\"2022-02-05T05:18:52+00:00\",\"breadcrumb\":{\"@id\":\"https:\/\/www.rocciadipinta.com\/fra\/#breadcrumb\"},\"inLanguage\":\"fr-FR\",\"potentialAction\":[{\"@type\":\"ReadAction\",\"target\":[\"https:\/\/www.rocciadipinta.com\/fra\/\"]}]},{\"@type\":\"BreadcrumbList\",\"@id\":\"https:\/\/www.rocciadipinta.com\/fra\/#breadcrumb\",\"itemListElement\":[{\"@type\":\"ListItem\",\"position\":1,\"name\":\"Home\",\"item\":\"https:\/\/www.rocciadipinta.com\/fra\/\"},{\"@type\":\"ListItem\",\"position\":2,\"name\":\"home\"}]}]}<\/script>\n<!-- \/ Yoast SEO plugin. -->","yoast_head_json":{"title":"home - Roccia Dipinta Fra","robots":{"index":"index","follow":"follow","max-snippet":"max-snippet:-1","max-image-preview":"max-image-preview:large","max-video-preview":"max-video-preview:-1"},"canonical":"https:\/\/www.rocciadipinta.com\/fra\/","og_locale":"fr_FR","og_type":"article","og_title":"home - Roccia Dipinta Fra","og_url":"https:\/\/www.rocciadipinta.com\/fra\/","og_site_name":"Roccia Dipinta Fra","article_modified_time":"2022-02-05T05:18:52+00:00","og_image":[{"url":"https:\/\/www.rocciadipinta.com\/2022\/fra\/wp-content\/uploads\/sites\/3\/2022\/02\/cose_roccia_dipinta.jpg"}],"twitter_card":"summary_large_image","twitter_misc":{"Dur\u00e9e de lecture estim\u00e9e":"5 minutes"},"schema":{"@context":"https:\/\/schema.org","@graph":[{"@type":"WebSite","@id":"https:\/\/www.rocciadipinta.com\/fra\/#website","url":"https:\/\/www.rocciadipinta.com\/fra\/","name":"Roccia Dipinta Fra","description":"colour your home with natural stones","potentialAction":[{"@type":"SearchAction","target":{"@type":"EntryPoint","urlTemplate":"https:\/\/www.rocciadipinta.com\/fra\/?s={search_term_string}"},"query-input":"required name=search_term_string"}],"inLanguage":"fr-FR"},{"@type":"ImageObject","@id":"https:\/\/www.rocciadipinta.com\/fra\/#primaryimage","inLanguage":"fr-FR","url":"https:\/\/www.rocciadipinta.com\/2022\/fra\/wp-content\/uploads\/sites\/3\/2022\/02\/cose_roccia_dipinta.jpg","contentUrl":"https:\/\/www.rocciadipinta.com\/2022\/fra\/wp-content\/uploads\/sites\/3\/2022\/02\/cose_roccia_dipinta.jpg"},{"@type":"WebPage","@id":"https:\/\/www.rocciadipinta.com\/fra\/#webpage","url":"https:\/\/www.rocciadipinta.com\/fra\/","name":"home - Roccia Dipinta Fra","isPartOf":{"@id":"https:\/\/www.rocciadipinta.com\/fra\/#website"},"primaryImageOfPage":{"@id":"https:\/\/www.rocciadipinta.com\/fra\/#primaryimage"},"datePublished":"2021-12-29T15:09:12+00:00","dateModified":"2022-02-05T05:18:52+00:00","breadcrumb":{"@id":"https:\/\/www.rocciadipinta.com\/fra\/#breadcrumb"},"inLanguage":"fr-FR","potentialAction":[{"@type":"ReadAction","target":["https:\/\/www.rocciadipinta.com\/fra\/"]}]},{"@type":"BreadcrumbList","@id":"https:\/\/www.rocciadipinta.com\/fra\/#breadcrumb","itemListElement":[{"@type":"ListItem","position":1,"name":"Home","item":"https:\/\/www.rocciadipinta.com\/fra\/"},{"@type":"ListItem","position":2,"name":"home"}]}]}},"_links":{"self":[{"href":"https:\/\/www.rocciadipinta.com\/fra\/wp-json\/wp\/v2\/pages\/9"}],"collection":[{"href":"https:\/\/www.rocciadipinta.com\/fra\/wp-json\/wp\/v2\/pages"}],"about":[{"href":"https:\/\/www.rocciadipinta.com\/fra\/wp-json\/wp\/v2\/types\/page"}],"author":[{"embeddable":true,"href":"https:\/\/www.rocciadipinta.com\/fra\/wp-json\/wp\/v2\/users\/1"}],"replies":[{"embeddable":true,"href":"https:\/\/www.rocciadipinta.com\/fra\/wp-json\/wp\/v2\/comments?post=9"}],"version-history":[{"count":4,"href":"https:\/\/www.rocciadipinta.com\/fra\/wp-json\/wp\/v2\/pages\/9\/revisions"}],"predecessor-version":[{"id":179,"href":"https:\/\/www.rocciadipinta.com\/fra\/wp-json\/wp\/v2\/pages\/9\/revisions\/179"}],"wp:attachment":[{"href":"https:\/\/www.rocciadipinta.com\/fra\/wp-json\/wp\/v2\/media?parent=9"}],"curies":[{"name":"wp","href":"https:\/\/api.w.org\/{rel}","templated":true}]}}