{"id":71,"date":"2022-01-21T05:40:45","date_gmt":"2022-01-21T04:40:45","guid":{"rendered":"https:\/\/www.rocciadipinta.com\/2022\/?page_id=71"},"modified":"2022-02-01T17:04:48","modified_gmt":"2022-02-01T16:04:48","slug":"campionatura-su-misura","status":"publish","type":"page","link":"https:\/\/www.rocciadipinta.com\/fra\/campionatura-su-misura\/","title":{"rendered":"campionatura su misura"},"content":{"rendered":"<div class=\"fusion-fullwidth fullwidth-box nonhundred-percent-fullwidth non-hundred-percent-height-scrolling\"  style='background-color: rgba(255,255,255,0);background-position: center center;background-repeat: no-repeat;padding-top:0px;padding-right:0px;padding-bottom:0px;padding-left:0px;'><div class=\"fusion-builder-row fusion-row \"><div  class=\"fusion-layout-column fusion_builder_column fusion_builder_column_1_1 fusion-builder-column-1 fusion-one-full fusion-column-first fusion-column-last 1_1\"  style='margin-top:0px;margin-bottom:0px;'>\n\t\t\t\t\t<div class=\"fusion-column-wrapper\" style=\"padding: 0px 0px 0px 0px;background-position:left top;background-repeat:no-repeat;-webkit-background-size:cover;-moz-background-size:cover;-o-background-size:cover;background-size:cover;\"   data-bg-url=\"\">\n\t\t\t\t\t\t<div class=\"fusion-text\"><h1>Choisissez de recevoir 3 \u00e9chantillons de Roccia Dipinta directement chez vous pour \u00e9valuer leur potentiel esth\u00e9tique.<\/h1>\n<h2>Vous pouvez acheter le service d&rsquo;\u00e9chantillonnage directement \u00e0 partir de cette page.<\/h2>\n<p>COMMENT \u00c7A MARCHE:<\/p>\n<ol>\n<li>VOUS remplissez le <a href=\"#modulo_campioni\">formulaire<\/a> pour demandez le service<\/li>\n<li>NOUS vous contacterons pour affiner les informations qui nous permettront de faire les \u00e9chantillons et de d\u00e9finir le prix du service<\/li>\n<li>Lorsque vous recevrez les \u00e9chantillons, nous v\u00e9rifierons avec vous le degr\u00e9 de satisfaction et nous nous mettrons d&rsquo;accord sur les conditions d&rsquo;approvisionnement<\/li>\n<\/ol>\n<\/div><div class=\"fusion-text\" id=\"prezzo_servizio\"><h1 style=\"text-align: center;\">il costo del servizio \u00e8 di \u20ac 374,00 <a href=\"#asterisco\">*<\/a><\/h1>\n<\/div><div class=\"fusion-sep-clear\"><\/div><div class=\"fusion-separator fusion-full-width-sep sep-single sep-solid\" style=\"border-color:#e0dede;border-top-width:1px;margin-left: auto;margin-right: auto;margin-top:;\"><\/div><div class=\"fusion-text\"><div role=\"form\" class=\"wpcf7\" id=\"wpcf7-f85-o1\" lang=\"it-IT\" dir=\"ltr\">\n<div class=\"screen-reader-response\"><p role=\"status\" aria-live=\"polite\" aria-atomic=\"true\"><\/p> <ul><\/ul><\/div>\n<form action=\"\/fra\/wp-json\/wp\/v2\/pages\/71#wpcf7-f85-o1\" method=\"post\" class=\"wpcf7-form init\" enctype=\"multipart\/form-data\" novalidate=\"novalidate\" data-status=\"init\">\n<div style=\"display: none;\">\n<input type=\"hidden\" name=\"_wpcf7\" value=\"85\" \/>\n<input type=\"hidden\" name=\"_wpcf7_version\" value=\"5.5.6\" \/>\n<input type=\"hidden\" name=\"_wpcf7_locale\" value=\"it_IT\" \/>\n<input type=\"hidden\" name=\"_wpcf7_unit_tag\" value=\"wpcf7-f85-o1\" \/>\n<input type=\"hidden\" name=\"_wpcf7_container_post\" value=\"0\" \/>\n<input type=\"hidden\" name=\"_wpcf7_posted_data_hash\" value=\"\" \/>\n<\/div>\n<div class=\"modulo_campioni\">\n<a name=\"modulo_campioni\"><\/a><\/p>\n<h2>Formulaire de demande de service d'\u00e9chantillonnage personnalis\u00e9<\/h2>\n<p><label> VOTRE NOM<br \/>\n    <span class=\"wpcf7-form-control-wrap your-name\"><input type=\"text\" name=\"your-name\" value=\"\" size=\"40\" class=\"wpcf7-form-control wpcf7-text wpcf7-validates-as-required\" aria-required=\"true\" aria-invalid=\"false\" \/><\/span> <\/label><\/p>\n<p><label> VOTRE MAIL<br \/>\n    <span class=\"wpcf7-form-control-wrap your-email\"><input type=\"email\" name=\"your-email\" value=\"\" size=\"40\" class=\"wpcf7-form-control wpcf7-text wpcf7-email wpcf7-validates-as-required wpcf7-validates-as-email\" aria-required=\"true\" aria-invalid=\"false\" \/><\/span> <\/label><\/p>\n<p><label> VOTRE ADRESSE<br \/>\n    <span class=\"wpcf7-form-control-wrap your-indirizzo\"><input type=\"text\" name=\"your-indirizzo\" value=\"\" size=\"40\" class=\"wpcf7-form-control wpcf7-text wpcf7-validates-as-required\" aria-required=\"true\" aria-invalid=\"false\" \/><\/span> <\/label><\/p>\n<p><label> D\u00c9CRIVEZ VOTRE ID\u00c9E<br \/>\n    <span class=\"wpcf7-form-control-wrap your-message\"><textarea name=\"your-message\" cols=\"40\" rows=\"10\" class=\"wpcf7-form-control wpcf7-textarea wpcf7-validates-as-required\" aria-required=\"true\" aria-invalid=\"false\"><\/textarea><\/span> <\/label><\/p>\n<p><label><\/p>\n<div class=\"selezionecolore\"><span class=\"wpcf7-form-control-wrap seleziona-colore\"><span class=\"wpcf7-form-control wpcf7-radio\"><span class=\"wpcf7-list-item first last\"><label><input type=\"radio\" name=\"seleziona-colore\" value=\"Natura Lava\" checked=\"checked\" \/><span class=\"wpcf7-list-item-label\">Natura Lava<\/span><\/label><\/span><\/span><\/span> <img src=\"https:\/\/www.rocciadipinta.com\/2022\/wp-content\/uploads\/2022\/01\/natura-lava.png\"><\/div>\n<div class=\"selezionecolore\"><span class=\"wpcf7-form-control-wrap seleziona-colore\"><span class=\"wpcf7-form-control wpcf7-radio\"><span class=\"wpcf7-list-item first last\"><label><input type=\"radio\" name=\"seleziona-colore\" value=\"Bianco Ghiaccio\" \/><span class=\"wpcf7-list-item-label\">Bianco Ghiaccio<\/span><\/label><\/span><\/span><\/span> <img src=\"https:\/\/www.rocciadipinta.com\/2022\/wp-content\/uploads\/2022\/01\/bianco-ghiaccio.png\"><\/div>\n<div class=\"selezionecolore\"><span class=\"wpcf7-form-control-wrap seleziona-colore\"><span class=\"wpcf7-form-control wpcf7-radio\"><span class=\"wpcf7-list-item first last\"><label><input type=\"radio\" name=\"seleziona-colore\" value=\"Magma\" \/><span class=\"wpcf7-list-item-label\">Magma<\/span><\/label><\/span><\/span><\/span> <img src=\"https:\/\/www.rocciadipinta.com\/2022\/wp-content\/uploads\/2022\/01\/magma.png\"><\/div>\n<div class=\"selezionecolore\"><span class=\"wpcf7-form-control-wrap seleziona-colore\"><span class=\"wpcf7-form-control wpcf7-radio\"><span class=\"wpcf7-list-item first last\"><label><input type=\"radio\" name=\"seleziona-colore\" value=\"Fondo Mare\" \/><span class=\"wpcf7-list-item-label\">Fondo Mare<\/span><\/label><\/span><\/span><\/span> <img src=\"https:\/\/www.rocciadipinta.com\/2022\/wp-content\/uploads\/2022\/01\/fondo-mare.png\"><\/div>\n<div class=\"selezionecolore\"><span class=\"wpcf7-form-control-wrap seleziona-colore\"><span class=\"wpcf7-form-control wpcf7-radio\"><span class=\"wpcf7-list-item first last\"><label><input type=\"radio\" name=\"seleziona-colore\" value=\"Blue Notte\" \/><span class=\"wpcf7-list-item-label\">Blue Notte<\/span><\/label><\/span><\/span><\/span> <img src=\"https:\/\/www.rocciadipinta.com\/2022\/wp-content\/uploads\/2022\/01\/blu_notte.png\"><\/div>\n<div class=\"selezionecolore\"><span class=\"wpcf7-form-control-wrap seleziona-colore\"><span class=\"wpcf7-form-control wpcf7-radio\"><span class=\"wpcf7-list-item first last\"><label><input type=\"radio\" name=\"seleziona-colore\" value=\"Nero\" \/><span class=\"wpcf7-list-item-label\">Nero<\/span><\/label><\/span><\/span><\/span> <img src=\"https:\/\/www.rocciadipinta.com\/2022\/wp-content\/uploads\/2022\/01\/nero.png\"><\/div>\n<p><\/label><\/p>\n<div class=\"clear both\"><\/div>\n<p><br><br><br \/>\n<label> T\u00c9L\u00c9CHARGEZ UNE PHOTO DE VOTRE ENVIRONNEMENT<br \/>\n<span class=\"wpcf7-form-control-wrap file-32\"><input type=\"file\" name=\"file-32\" size=\"40\" class=\"wpcf7-form-control wpcf7-file\" accept=\".jpg,.jpeg,.png,.gif,.pdf,.doc,.docx,.ppt,.pptx,.odt,.avi,.ogg,.m4a,.mov,.mp3,.mp4,.mpg,.wav,.wmv\" aria-invalid=\"false\" \/><\/span><br \/>\n<\/label><\/p>\n<p><label><span class=\"wpcf7-form-control-wrap acceptance-229\"><span class=\"wpcf7-form-control wpcf7-acceptance\"><span class=\"wpcf7-list-item\"><input type=\"checkbox\" name=\"acceptance-229\" value=\"1\" aria-invalid=\"false\" \/><\/span><\/span><\/span>I have read and accepted the <a href=\"https:\/\/www.rocciadipinta.com\/privacy-policy-2018\" target=\"_blank\">Privacy Policy<\/a> on the processing of data<\/label><\/p>\n<p><input type=\"submit\" value=\"DEMANDEZ LE SERVICE D&#039;\u00c9CHANTILLONNAGE\" class=\"wpcf7-form-control has-spinner wpcf7-submit\" \/>\n<\/p><\/div>\n<div class=\"fusion-alert alert custom alert-custom fusion-alert-center wpcf7-response-output fusion-alert-capitalize alert-dismissable\" style=\"border-width:1px;\"><button style=\"color:;border-color:;\" type=\"button\" class=\"close toggle-alert\" data-dismiss=\"alert\" aria-hidden=\"true\">&times;<\/button><div class=\"fusion-alert-content-wrapper\"><span class=\"fusion-alert-content\"><\/span><\/div><\/div><\/form><\/div>\n<\/div><div class=\"fusion-text\"><p><a name=\"asterisco\"><\/a><\/p>\n<ul>\n<li>Le prix comprend la TVA et tous les frais d&rsquo;exp\u00e9dition<\/li>\n<li>Le prix comprend 3 \u00e9chantillons<\/li>\n<li>Si vous d\u00e9cidez d&rsquo;acheter le mat\u00e9riel, le prix de l&rsquo;\u00e9chantillonnage sera d\u00e9duit du co\u00fbt total de la fourniture<\/li>\n<\/ul>\n<\/div><div class=\"fusion-clearfix\"><\/div>\n\n\t\t\t\t\t<\/div>\n\t\t\t\t<\/div><\/div><\/div>\n","protected":false},"excerpt":{"rendered":"","protected":false},"author":1,"featured_media":0,"parent":0,"menu_order":0,"comment_status":"closed","ping_status":"closed","template":"","meta":[],"yoast_head":"<!-- This site is optimized with the Yoast SEO plugin v18.5.1 - https:\/\/yoast.com\/wordpress\/plugins\/seo\/ -->\n<title>campionatura su misura - Roccia Dipinta Fra<\/title>\n<meta name=\"robots\" content=\"index, follow, max-snippet:-1, max-image-preview:large, max-video-preview:-1\" \/>\n<link rel=\"canonical\" href=\"https:\/\/www.rocciadipinta.com\/fra\/campionatura-su-misura\/\" \/>\n<meta property=\"og:locale\" content=\"fr_FR\" \/>\n<meta property=\"og:type\" content=\"article\" \/>\n<meta property=\"og:title\" content=\"campionatura su misura - Roccia Dipinta Fra\" \/>\n<meta property=\"og:url\" content=\"https:\/\/www.rocciadipinta.com\/fra\/campionatura-su-misura\/\" \/>\n<meta property=\"og:site_name\" content=\"Roccia Dipinta Fra\" \/>\n<meta property=\"article:modified_time\" content=\"2022-02-01T16:04:48+00:00\" \/>\n<meta name=\"twitter:card\" content=\"summary_large_image\" \/>\n<meta name=\"twitter:label1\" content=\"Dur\u00e9e de lecture estim\u00e9e\" \/>\n\t<meta name=\"twitter:data1\" content=\"2 minutes\" \/>\n<script type=\"application\/ld+json\" class=\"yoast-schema-graph\">{\"@context\":\"https:\/\/schema.org\",\"@graph\":[{\"@type\":\"WebSite\",\"@id\":\"https:\/\/www.rocciadipinta.com\/fra\/#website\",\"url\":\"https:\/\/www.rocciadipinta.com\/fra\/\",\"name\":\"Roccia Dipinta Fra\",\"description\":\"colour your home with natural stones\",\"potentialAction\":[{\"@type\":\"SearchAction\",\"target\":{\"@type\":\"EntryPoint\",\"urlTemplate\":\"https:\/\/www.rocciadipinta.com\/fra\/?s={search_term_string}\"},\"query-input\":\"required name=search_term_string\"}],\"inLanguage\":\"fr-FR\"},{\"@type\":\"WebPage\",\"@id\":\"https:\/\/www.rocciadipinta.com\/fra\/campionatura-su-misura\/#webpage\",\"url\":\"https:\/\/www.rocciadipinta.com\/fra\/campionatura-su-misura\/\",\"name\":\"campionatura su misura - Roccia Dipinta Fra\",\"isPartOf\":{\"@id\":\"https:\/\/www.rocciadipinta.com\/fra\/#website\"},\"datePublished\":\"2022-01-21T04:40:45+00:00\",\"dateModified\":\"2022-02-01T16:04:48+00:00\",\"breadcrumb\":{\"@id\":\"https:\/\/www.rocciadipinta.com\/fra\/campionatura-su-misura\/#breadcrumb\"},\"inLanguage\":\"fr-FR\",\"potentialAction\":[{\"@type\":\"ReadAction\",\"target\":[\"https:\/\/www.rocciadipinta.com\/fra\/campionatura-su-misura\/\"]}]},{\"@type\":\"BreadcrumbList\",\"@id\":\"https:\/\/www.rocciadipinta.com\/fra\/campionatura-su-misura\/#breadcrumb\",\"itemListElement\":[{\"@type\":\"ListItem\",\"position\":1,\"name\":\"Home\",\"item\":\"https:\/\/www.rocciadipinta.com\/fra\/\"},{\"@type\":\"ListItem\",\"position\":2,\"name\":\"campionatura su misura\"}]}]}<\/script>\n<!-- \/ Yoast SEO plugin. -->","yoast_head_json":{"title":"campionatura su misura - Roccia Dipinta Fra","robots":{"index":"index","follow":"follow","max-snippet":"max-snippet:-1","max-image-preview":"max-image-preview:large","max-video-preview":"max-video-preview:-1"},"canonical":"https:\/\/www.rocciadipinta.com\/fra\/campionatura-su-misura\/","og_locale":"fr_FR","og_type":"article","og_title":"campionatura su misura - Roccia Dipinta Fra","og_url":"https:\/\/www.rocciadipinta.com\/fra\/campionatura-su-misura\/","og_site_name":"Roccia Dipinta Fra","article_modified_time":"2022-02-01T16:04:48+00:00","twitter_card":"summary_large_image","twitter_misc":{"Dur\u00e9e de lecture estim\u00e9e":"2 minutes"},"schema":{"@context":"https:\/\/schema.org","@graph":[{"@type":"WebSite","@id":"https:\/\/www.rocciadipinta.com\/fra\/#website","url":"https:\/\/www.rocciadipinta.com\/fra\/","name":"Roccia Dipinta Fra","description":"colour your home with natural stones","potentialAction":[{"@type":"SearchAction","target":{"@type":"EntryPoint","urlTemplate":"https:\/\/www.rocciadipinta.com\/fra\/?s={search_term_string}"},"query-input":"required name=search_term_string"}],"inLanguage":"fr-FR"},{"@type":"WebPage","@id":"https:\/\/www.rocciadipinta.com\/fra\/campionatura-su-misura\/#webpage","url":"https:\/\/www.rocciadipinta.com\/fra\/campionatura-su-misura\/","name":"campionatura su misura - Roccia Dipinta Fra","isPartOf":{"@id":"https:\/\/www.rocciadipinta.com\/fra\/#website"},"datePublished":"2022-01-21T04:40:45+00:00","dateModified":"2022-02-01T16:04:48+00:00","breadcrumb":{"@id":"https:\/\/www.rocciadipinta.com\/fra\/campionatura-su-misura\/#breadcrumb"},"inLanguage":"fr-FR","potentialAction":[{"@type":"ReadAction","target":["https:\/\/www.rocciadipinta.com\/fra\/campionatura-su-misura\/"]}]},{"@type":"BreadcrumbList","@id":"https:\/\/www.rocciadipinta.com\/fra\/campionatura-su-misura\/#breadcrumb","itemListElement":[{"@type":"ListItem","position":1,"name":"Home","item":"https:\/\/www.rocciadipinta.com\/fra\/"},{"@type":"ListItem","position":2,"name":"campionatura su misura"}]}]}},"_links":{"self":[{"href":"https:\/\/www.rocciadipinta.com\/fra\/wp-json\/wp\/v2\/pages\/71"}],"collection":[{"href":"https:\/\/www.rocciadipinta.com\/fra\/wp-json\/wp\/v2\/pages"}],"about":[{"href":"https:\/\/www.rocciadipinta.com\/fra\/wp-json\/wp\/v2\/types\/page"}],"author":[{"embeddable":true,"href":"https:\/\/www.rocciadipinta.com\/fra\/wp-json\/wp\/v2\/users\/1"}],"replies":[{"embeddable":true,"href":"https:\/\/www.rocciadipinta.com\/fra\/wp-json\/wp\/v2\/comments?post=71"}],"version-history":[{"count":2,"href":"https:\/\/www.rocciadipinta.com\/fra\/wp-json\/wp\/v2\/pages\/71\/revisions"}],"predecessor-version":[{"id":166,"href":"https:\/\/www.rocciadipinta.com\/fra\/wp-json\/wp\/v2\/pages\/71\/revisions\/166"}],"wp:attachment":[{"href":"https:\/\/www.rocciadipinta.com\/fra\/wp-json\/wp\/v2\/media?parent=71"}],"curies":[{"name":"wp","href":"https:\/\/api.w.org\/{rel}","templated":true}]}}