{"id":13,"date":"2021-12-29T16:09:33","date_gmt":"2021-12-29T15:09:33","guid":{"rendered":"https:\/\/www.rocciadipinta.com\/2022\/?page_id=13"},"modified":"2022-02-05T06:19:35","modified_gmt":"2022-02-05T05:19:35","slug":"realizzazioni","status":"publish","type":"page","link":"https:\/\/www.rocciadipinta.com\/fra\/realizzazioni\/","title":{"rendered":"cr\u00e9ations"},"content":{"rendered":"<p><div class=\"fusion-fullwidth fullwidth-box nonhundred-percent-fullwidth non-hundred-percent-height-scrolling\"  style='background-color: rgba(255,255,255,0);background-position: center center;background-repeat: no-repeat;padding-top:0px;padding-right:0px;padding-bottom:0px;padding-left:0px;'><div class=\"fusion-builder-row fusion-row \"><div  class=\"fusion-layout-column fusion_builder_column fusion_builder_column_1_1 fusion-builder-column-1 fusion-one-full fusion-column-first fusion-column-last 1_1\"  style='margin-top:0px;margin-bottom:20px;'>\n\t\t\t\t\t<div class=\"fusion-column-wrapper\" style=\"padding: 0px 0px 0px 0px;background-position:left top;background-repeat:no-repeat;-webkit-background-size:cover;-moz-background-size:cover;-o-background-size:cover;background-size:cover;\"   data-bg-url=\"\">\n\t\t\t\t\t\t<div class=\"fusion-text\"><h1>Cr\u00e9ations en lave \u00e9maill\u00e9e &#8211; Roccia dipinta<\/h1>\n<p>La pierre de lave \u00e9maill\u00e9e souligne le caract\u00e8re naturel de la pierre de lave et combine la vigueur de celle-ci avec les diff\u00e9rentes solutions esth\u00e9tiques des \u00e9maux dans une combinaison gagnante.<\/p>\n<p>\u00c9tant un produit naturel, fabriqu\u00e9 artinasalement , les \u00ab\u00a0imperfections esth\u00e9tiques\u00a0\u00bb sont une caract\u00e9ristique distinctive du mat\u00e9riau. Aucun plateau en pierre de lave \u00e9maill\u00e9e ne se ressemblera, ce qui rend chaque pi\u00e8ce unique et fascinante.<\/p>\n<\/div><div class=\"fusion-clearfix\"><\/div>\n\n\t\t\t\t\t<\/div>\n\t\t\t\t<\/div><\/div><\/div><div id=\"contenitore\" class=\"fusion-fullwidth fullwidth-box nonhundred-percent-fullwidth non-hundred-percent-height-scrolling\"  style='background-color: #e9e8e8;background-position: center center;background-repeat: no-repeat;padding-top:0px;padding-right:0px;padding-bottom:0px;padding-left:0px;margin-bottom: 30px;margin-top: 30px;'><div class=\"fusion-builder-row fusion-row \"><div  class=\"fusion-layout-column fusion_builder_column fusion_builder_column_1_1 fusion-builder-column-2 fusion-one-full fusion-column-first fusion-column-last 1_1\"  style='margin-top:30px;margin-bottom:30px;'>\n\t\t\t\t\t<div class=\"fusion-column-wrapper\" style=\"padding: 0px 0px 0px 0px;background-position:left top;background-repeat:no-repeat;-webkit-background-size:cover;-moz-background-size:cover;-o-background-size:cover;background-size:cover;\"   data-bg-url=\"\">\n\t\t\t\t\t\t<div class=\"fusion-clearfix\"><\/div>\n\n\t\t\t\t\t<\/div>\n\t\t\t\t<\/div><div  class=\"fusion-layout-column fusion_builder_column fusion_builder_column_1_2 fusion-builder-column-3 fusion-one-half fusion-column-first 1_2\"  style='margin-top:30px;margin-bottom:50px;width:50%;width:calc(50% - ( ( 4% ) * 0.5 ) );margin-right: 4%;'>\n\t\t\t\t\t<div class=\"fusion-column-wrapper\" style=\"padding: 0px 0px 0px 0px;background-position:left top;background-repeat:no-repeat;-webkit-background-size:cover;-moz-background-size:cover;-o-background-size:cover;background-size:cover;\"   data-bg-url=\"\">\n\t\t\t\t\t\t<div class=\"fusion-text\"><p><img loading=\"lazy\" class=\"alignnone wp-image-45 size-full\" src=\"https:\/\/www.rocciadipinta.com\/2022\/wp-content\/uploads\/2021\/12\/bagno-moderno-pietra_dipinta.jpg\" alt=\"\" width=\"1277\" height=\"851\" srcset=\"https:\/\/www.rocciadipinta.com\/fra\/wp-content\/uploads\/sites\/3\/2021\/12\/bagno-moderno-pietra_dipinta-300x200.jpg 300w, https:\/\/www.rocciadipinta.com\/fra\/wp-content\/uploads\/sites\/3\/2021\/12\/bagno-moderno-pietra_dipinta-768x512.jpg 768w, https:\/\/www.rocciadipinta.com\/fra\/wp-content\/uploads\/sites\/3\/2021\/12\/bagno-moderno-pietra_dipinta-1024x682.jpg 1024w, https:\/\/www.rocciadipinta.com\/fra\/wp-content\/uploads\/sites\/3\/2021\/12\/bagno-moderno-pietra_dipinta.jpg 1277w\" sizes=\"(max-width: 1277px) 100vw, 1277px\" \/><\/p>\n<\/div><div class=\"fusion-clearfix\"><\/div>\n\n\t\t\t\t\t<\/div>\n\t\t\t\t<\/div><div  class=\"fusion-layout-column fusion_builder_column fusion_builder_column_1_2 fusion-builder-column-4 fusion-one-half fusion-column-last 1_2\"  style='margin-top:30px;margin-bottom:50px;width:50%;width:calc(50% - ( ( 4% ) * 0.5 ) );'>\n\t\t\t\t\t<div class=\"fusion-column-wrapper\" style=\"padding: 0px 0px 0px 0px;background-position:left top;background-repeat:no-repeat;-webkit-background-size:cover;-moz-background-size:cover;-o-background-size:cover;background-size:cover;\"   data-bg-url=\"\">\n\t\t\t\t\t\t<div class=\"fusion-text\"><h2>Rev\u00eatements de surface<\/h2>\n<p>Roccia dipinta cr\u00e9e des rev\u00eatements en pierre de lave au design unique, totalement personnalisables, r\u00e9sistants et pratiques \u00e0 nettoyer, id\u00e9aux pour les cuisines, les salles de bain et toute autre surface.<\/p>\n<\/div><div class=\"fusion-clearfix\"><\/div>\n\n\t\t\t\t\t<\/div>\n\t\t\t\t<\/div><\/div><\/div><div class=\"fusion-fullwidth fullwidth-box nonhundred-percent-fullwidth non-hundred-percent-height-scrolling\"  style='background-color: rgba(255,255,255,0);background-position: center center;background-repeat: no-repeat;padding-top:0px;padding-right:0px;padding-bottom:0px;padding-left:0px;margin-bottom: 30px;margin-top: 30px;'><div class=\"fusion-builder-row fusion-row \"><div  class=\"fusion-layout-column fusion_builder_column fusion_builder_column_1_1 fusion-builder-column-5 fusion-one-full fusion-column-first fusion-column-last 1_1\"  style='margin-top:0px;margin-bottom:20px;'>\n\t\t\t\t\t<div class=\"fusion-column-wrapper\" style=\"padding: 0px 0px 0px 0px;background-position:left top;background-repeat:no-repeat;-webkit-background-size:cover;-moz-background-size:cover;-o-background-size:cover;background-size:cover;\"   data-bg-url=\"\">\n\t\t\t\t\t\t<div class=\"fusion-clearfix\"><\/div>\n\n\t\t\t\t\t<\/div>\n\t\t\t\t<\/div><div  class=\"fusion-layout-column fusion_builder_column fusion_builder_column_1_2 fusion-builder-column-6 fusion-one-half fusion-column-first 1_2\"  style='margin-top:30px;margin-bottom:30px;width:50%;width:calc(50% - ( ( 4% ) * 0.5 ) );margin-right: 4%;'>\n\t\t\t\t\t<div class=\"fusion-column-wrapper\" style=\"padding: 0px 0px 0px 0px;background-position:left top;background-repeat:no-repeat;-webkit-background-size:cover;-moz-background-size:cover;-o-background-size:cover;background-size:cover;\"   data-bg-url=\"\">\n\t\t\t\t\t\t<div class=\"fusion-text\"><h2 style=\"text-align: right;\">Rev\u00eatements de salle de bain<\/h2>\n<p style=\"text-align: right;\">Le design et les couleurs cr\u00e9ent des formes et des reflets uniques, capables de caract\u00e9riser l&rsquo;espace salle de bain de mani\u00e8re unique.<\/p>\n<\/div><div class=\"fusion-clearfix\"><\/div>\n\n\t\t\t\t\t<\/div>\n\t\t\t\t<\/div><div  class=\"fusion-layout-column fusion_builder_column fusion_builder_column_1_2 fusion-builder-column-7 fusion-one-half fusion-column-last 1_2\"  style='margin-top:30px;margin-bottom:30px;width:50%;width:calc(50% - ( ( 4% ) * 0.5 ) );'>\n\t\t\t\t\t<div class=\"fusion-column-wrapper\" style=\"padding: 0px 0px 0px 0px;background-position:left top;background-repeat:no-repeat;-webkit-background-size:cover;-moz-background-size:cover;-o-background-size:cover;background-size:cover;\"   data-bg-url=\"\">\n\t\t\t\t\t\t<div class=\"fusion-text\"><p><img loading=\"lazy\" class=\"alignnone wp-image-138 size-large\" src=\"https:\/\/www.rocciadipinta.com\/2022\/wp-content\/uploads\/2022\/01\/lavabo2-1024x575.jpg\" alt=\"\" width=\"1024\" height=\"575\" srcset=\"https:\/\/www.rocciadipinta.com\/fra\/wp-content\/uploads\/sites\/3\/2022\/01\/lavabo2-300x169.jpg 300w, https:\/\/www.rocciadipinta.com\/fra\/wp-content\/uploads\/sites\/3\/2022\/01\/lavabo2-768x431.jpg 768w, https:\/\/www.rocciadipinta.com\/fra\/wp-content\/uploads\/sites\/3\/2022\/01\/lavabo2-1024x575.jpg 1024w, https:\/\/www.rocciadipinta.com\/fra\/wp-content\/uploads\/sites\/3\/2022\/01\/lavabo2-1536x863.jpg 1536w, https:\/\/www.rocciadipinta.com\/fra\/wp-content\/uploads\/sites\/3\/2022\/01\/lavabo2.jpg 1780w\" sizes=\"(max-width: 1024px) 100vw, 1024px\" \/><\/p>\n<\/div><div class=\"fusion-clearfix\"><\/div>\n\n\t\t\t\t\t<\/div>\n\t\t\t\t<\/div><\/div><\/div><div id=\"contenitore\" class=\"fusion-fullwidth fullwidth-box nonhundred-percent-fullwidth non-hundred-percent-height-scrolling\"  style='background-color: #e9e8e8;background-position: center center;background-repeat: no-repeat;padding-top:0px;padding-right:0px;padding-bottom:0px;padding-left:0px;margin-bottom: 30px;margin-top: 30px;'><div class=\"fusion-builder-row fusion-row \"><div  class=\"fusion-layout-column fusion_builder_column fusion_builder_column_1_1 fusion-builder-column-8 fusion-one-full fusion-column-first fusion-column-last 1_1\"  style='margin-top:30px;margin-bottom:30px;'>\n\t\t\t\t\t<div class=\"fusion-column-wrapper\" style=\"padding: 0px 0px 0px 0px;background-position:left top;background-repeat:no-repeat;-webkit-background-size:cover;-moz-background-size:cover;-o-background-size:cover;background-size:cover;\"   data-bg-url=\"\">\n\t\t\t\t\t\t<div class=\"fusion-clearfix\"><\/div>\n\n\t\t\t\t\t<\/div>\n\t\t\t\t<\/div><div  class=\"fusion-layout-column fusion_builder_column fusion_builder_column_1_2 fusion-builder-column-9 fusion-one-half fusion-column-first 1_2\"  style='margin-top:30px;margin-bottom:50px;width:50%;width:calc(50% - ( ( 4% ) * 0.5 ) );margin-right: 4%;'>\n\t\t\t\t\t<div class=\"fusion-column-wrapper\" style=\"padding: 0px 0px 0px 0px;background-position:left top;background-repeat:no-repeat;-webkit-background-size:cover;-moz-background-size:cover;-o-background-size:cover;background-size:cover;\"   data-bg-url=\"\">\n\t\t\t\t\t\t<div class=\"fusion-text\"><p><img loading=\"lazy\" class=\"alignnone wp-image-116 size-large\" src=\"https:\/\/www.rocciadipinta.com\/2022\/wp-content\/uploads\/2022\/01\/rivestimento_superfici-1024x461.jpg\" alt=\"rivestimento superfici\" width=\"1024\" height=\"461\" srcset=\"https:\/\/www.rocciadipinta.com\/fra\/wp-content\/uploads\/sites\/3\/2022\/01\/rivestimento_superfici-300x135.jpg 300w, https:\/\/www.rocciadipinta.com\/fra\/wp-content\/uploads\/sites\/3\/2022\/01\/rivestimento_superfici-768x346.jpg 768w, https:\/\/www.rocciadipinta.com\/fra\/wp-content\/uploads\/sites\/3\/2022\/01\/rivestimento_superfici-1024x461.jpg 1024w, https:\/\/www.rocciadipinta.com\/fra\/wp-content\/uploads\/sites\/3\/2022\/01\/rivestimento_superfici.jpg 1500w\" sizes=\"(max-width: 1024px) 100vw, 1024px\" \/><\/p>\n<\/div><div class=\"fusion-clearfix\"><\/div>\n\n\t\t\t\t\t<\/div>\n\t\t\t\t<\/div><div  class=\"fusion-layout-column fusion_builder_column fusion_builder_column_1_2 fusion-builder-column-10 fusion-one-half fusion-column-last 1_2\"  style='margin-top:30px;margin-bottom:50px;width:50%;width:calc(50% - ( ( 4% ) * 0.5 ) );'>\n\t\t\t\t\t<div class=\"fusion-column-wrapper\" style=\"padding: 0px 0px 0px 0px;background-position:left top;background-repeat:no-repeat;-webkit-background-size:cover;-moz-background-size:cover;-o-background-size:cover;background-size:cover;\"   data-bg-url=\"\">\n\t\t\t\t\t\t<div class=\"fusion-text\"><h2>Rev\u00eatements de cuisine<\/h2>\n<p>Des solutions pratiques et cr\u00e9atives pour votre cuisine : plans de travail, \u00e9tag\u00e8res, rev\u00eatements, carrelages, \u00e9viers.<\/p>\n<\/div><div class=\"fusion-clearfix\"><\/div>\n\n\t\t\t\t\t<\/div>\n\t\t\t\t<\/div><\/div><\/div><div class=\"fusion-fullwidth fullwidth-box nonhundred-percent-fullwidth non-hundred-percent-height-scrolling\"  style='background-color: rgba(255,255,255,0);background-position: center center;background-repeat: no-repeat;padding-top:0px;padding-right:0px;padding-bottom:0px;padding-left:0px;margin-bottom: 30px;margin-top: 30px;'><div class=\"fusion-builder-row fusion-row \"><div  class=\"fusion-layout-column fusion_builder_column fusion_builder_column_1_1 fusion-builder-column-11 fusion-one-full fusion-column-first fusion-column-last 1_1\"  style='margin-top:0px;margin-bottom:20px;'>\n\t\t\t\t\t<div class=\"fusion-column-wrapper\" style=\"padding: 0px 0px 0px 0px;background-position:left top;background-repeat:no-repeat;-webkit-background-size:cover;-moz-background-size:cover;-o-background-size:cover;background-size:cover;\"   data-bg-url=\"\">\n\t\t\t\t\t\t<div class=\"fusion-clearfix\"><\/div>\n\n\t\t\t\t\t<\/div>\n\t\t\t\t<\/div><div  class=\"fusion-layout-column fusion_builder_column fusion_builder_column_1_2 fusion-builder-column-12 fusion-one-half fusion-column-first 1_2\"  style='margin-top:30px;margin-bottom:30px;width:50%;width:calc(50% - ( ( 4% ) * 0.5 ) );margin-right: 4%;'>\n\t\t\t\t\t<div class=\"fusion-column-wrapper\" style=\"padding: 0px 0px 0px 0px;background-position:left top;background-repeat:no-repeat;-webkit-background-size:cover;-moz-background-size:cover;-o-background-size:cover;background-size:cover;\"   data-bg-url=\"\">\n\t\t\t\t\t\t<div class=\"fusion-text\"><h2 style=\"text-align: right;\">Prestations sur mesure<\/h2>\n<p style=\"text-align: right;\">Laissez libre cours \u00e0 votre cr\u00e9ativit\u00e9 dans la diversit\u00e9 des solutions pour cr\u00e9er plans de travail, \u00e9tag\u00e8res, rev\u00eatements, carreaux, \u00e9viers, tables pour cuisines et salles de bains, consoles, panneaux d\u00e9coratifs pour int\u00e9rieurs et ext\u00e9rieurs.<br \/>\nChaque design ou \u00e9l\u00e9ment de rev\u00eatement est enti\u00e8rement personnalisable en forme, couleur, taille et style.<\/p>\n<\/div><div class=\"fusion-clearfix\"><\/div>\n\n\t\t\t\t\t<\/div>\n\t\t\t\t<\/div><div  class=\"fusion-layout-column fusion_builder_column fusion_builder_column_1_2 fusion-builder-column-13 fusion-one-half fusion-column-last 1_2\"  style='margin-top:30px;margin-bottom:30px;width:50%;width:calc(50% - ( ( 4% ) * 0.5 ) );'>\n\t\t\t\t\t<div class=\"fusion-column-wrapper\" style=\"padding: 0px 0px 0px 0px;background-position:left top;background-repeat:no-repeat;-webkit-background-size:cover;-moz-background-size:cover;-o-background-size:cover;background-size:cover;\"   data-bg-url=\"\">\n\t\t\t\t\t\t<div class=\"fusion-text\"><p><img loading=\"lazy\" class=\"alignnone wp-image-141 size-large\" src=\"https:\/\/www.rocciadipinta.com\/2022\/wp-content\/uploads\/2022\/01\/Piano-cottura-1024x547.jpg\" alt=\"\" width=\"1024\" height=\"547\" srcset=\"https:\/\/www.rocciadipinta.com\/fra\/wp-content\/uploads\/sites\/3\/2022\/01\/Piano-cottura-300x160.jpg 300w, https:\/\/www.rocciadipinta.com\/fra\/wp-content\/uploads\/sites\/3\/2022\/01\/Piano-cottura-768x410.jpg 768w, https:\/\/www.rocciadipinta.com\/fra\/wp-content\/uploads\/sites\/3\/2022\/01\/Piano-cottura-1024x547.jpg 1024w, https:\/\/www.rocciadipinta.com\/fra\/wp-content\/uploads\/sites\/3\/2022\/01\/Piano-cottura-1536x820.jpg 1536w, https:\/\/www.rocciadipinta.com\/fra\/wp-content\/uploads\/sites\/3\/2022\/01\/Piano-cottura.jpg 1873w\" sizes=\"(max-width: 1024px) 100vw, 1024px\" \/><\/p>\n<\/div><div class=\"fusion-clearfix\"><\/div>\n\n\t\t\t\t\t<\/div>\n\t\t\t\t<\/div><\/div><\/div><div id=\"contenitore\" class=\"fusion-fullwidth fullwidth-box nonhundred-percent-fullwidth non-hundred-percent-height-scrolling\"  style='background-color: #e9e8e8;background-position: center center;background-repeat: no-repeat;padding-top:0px;padding-right:0px;padding-bottom:0px;padding-left:0px;margin-bottom: 30px;margin-top: 30px;'><div class=\"fusion-builder-row fusion-row \"><div  class=\"fusion-layout-column fusion_builder_column fusion_builder_column_1_1 fusion-builder-column-14 fusion-one-full fusion-column-first fusion-column-last 1_1\"  style='margin-top:30px;margin-bottom:30px;'>\n\t\t\t\t\t<div class=\"fusion-column-wrapper\" style=\"padding: 0px 0px 0px 0px;background-position:left top;background-repeat:no-repeat;-webkit-background-size:cover;-moz-background-size:cover;-o-background-size:cover;background-size:cover;\"   data-bg-url=\"\">\n\t\t\t\t\t\t<div class=\"fusion-clearfix\"><\/div>\n\n\t\t\t\t\t<\/div>\n\t\t\t\t<\/div><div  class=\"fusion-layout-column fusion_builder_column fusion_builder_column_1_2 fusion-builder-column-15 fusion-one-half fusion-column-first 1_2\"  style='margin-top:30px;margin-bottom:50px;width:50%;width:calc(50% - ( ( 4% ) * 0.5 ) );margin-right: 4%;'>\n\t\t\t\t\t<div class=\"fusion-column-wrapper\" style=\"padding: 0px 0px 0px 0px;background-position:left top;background-repeat:no-repeat;-webkit-background-size:cover;-moz-background-size:cover;-o-background-size:cover;background-size:cover;\"   data-bg-url=\"\">\n\t\t\t\t\t\t<div class=\"fusion-text\"><p><img loading=\"lazy\" class=\"alignnone wp-image-170 size-full\" src=\"https:\/\/www.rocciadipinta.com\/2022\/fra\/wp-content\/uploads\/sites\/3\/2022\/02\/progettazione_roccia_dipinta.jpg\" alt=\"\" width=\"600\" height=\"474\" srcset=\"https:\/\/www.rocciadipinta.com\/fra\/wp-content\/uploads\/sites\/3\/2022\/02\/progettazione_roccia_dipinta-200x158.jpg 200w, https:\/\/www.rocciadipinta.com\/fra\/wp-content\/uploads\/sites\/3\/2022\/02\/progettazione_roccia_dipinta-300x237.jpg 300w, https:\/\/www.rocciadipinta.com\/fra\/wp-content\/uploads\/sites\/3\/2022\/02\/progettazione_roccia_dipinta-400x316.jpg 400w, https:\/\/www.rocciadipinta.com\/fra\/wp-content\/uploads\/sites\/3\/2022\/02\/progettazione_roccia_dipinta.jpg 600w\" sizes=\"(max-width: 600px) 100vw, 600px\" \/><\/p>\n<\/div><div class=\"fusion-clearfix\"><\/div>\n\n\t\t\t\t\t<\/div>\n\t\t\t\t<\/div><div  class=\"fusion-layout-column fusion_builder_column fusion_builder_column_1_2 fusion-builder-column-16 fusion-one-half fusion-column-last 1_2\"  style='margin-top:30px;margin-bottom:50px;width:50%;width:calc(50% - ( ( 4% ) * 0.5 ) );'>\n\t\t\t\t\t<div class=\"fusion-column-wrapper\" style=\"padding: 0px 0px 0px 0px;background-position:left top;background-repeat:no-repeat;-webkit-background-size:cover;-moz-background-size:cover;-o-background-size:cover;background-size:cover;\"   data-bg-url=\"\">\n\t\t\t\t\t\t<div class=\"fusion-text\"><h2>Services de conception<\/h2>\n<p>Ensemble, nous cr\u00e9ons des produits personnalis\u00e9s. A partir de votre id\u00e9e, nous travaillons sur les mati\u00e8res, formes et couleurs.<\/p>\n<\/div><div class=\"fusion-clearfix\"><\/div>\n\n\t\t\t\t\t<\/div>\n\t\t\t\t<\/div><\/div><\/div><div class=\"fusion-fullwidth fullwidth-box nonhundred-percent-fullwidth non-hundred-percent-height-scrolling\"  style='background-color: rgba(255,255,255,0);background-position: center center;background-repeat: no-repeat;padding-top:0px;padding-right:0px;padding-bottom:0px;padding-left:0px;margin-bottom: 30px;margin-top: 30px;'><div class=\"fusion-builder-row fusion-row \"><div  class=\"fusion-layout-column fusion_builder_column fusion_builder_column_1_1 fusion-builder-column-17 fusion-one-full fusion-column-first fusion-column-last 1_1\"  style='margin-top:0px;margin-bottom:20px;'>\n\t\t\t\t\t<div class=\"fusion-column-wrapper\" style=\"padding: 0px 0px 0px 0px;background-position:left top;background-repeat:no-repeat;-webkit-background-size:cover;-moz-background-size:cover;-o-background-size:cover;background-size:cover;\"   data-bg-url=\"\">\n\t\t\t\t\t\t<div class=\"fusion-button-wrapper fusion-aligncenter\"><a class=\"fusion-button button-flat fusion-button-default-shape fusion-button-default-size button-default button-1 fusion-button-default-span fusion-button-default-type\" target=\"_self\" href=\"https:\/\/www.rocciadipinta.com\/fra\/campionatura-su-misura\/\"><span class=\"fusion-button-text\">DEMANDEZ LE SERVICE D&rsquo;\u00c9CHANTILLONNAGE<\/span><\/a><\/div><div class=\"fusion-clearfix\"><\/div>\n\n\t\t\t\t\t<\/div>\n\t\t\t\t<\/div><\/div><\/div><\/p>\n","protected":false},"excerpt":{"rendered":"","protected":false},"author":1,"featured_media":0,"parent":0,"menu_order":0,"comment_status":"closed","ping_status":"closed","template":"100-width.php","meta":[],"yoast_head":"<!-- This site is optimized with the Yoast SEO plugin v18.5.1 - https:\/\/yoast.com\/wordpress\/plugins\/seo\/ -->\n<title>cr\u00e9ations - Roccia Dipinta Fra<\/title>\n<meta name=\"robots\" content=\"index, follow, max-snippet:-1, max-image-preview:large, max-video-preview:-1\" \/>\n<link rel=\"canonical\" href=\"https:\/\/www.rocciadipinta.com\/fra\/realizzazioni\/\" \/>\n<meta property=\"og:locale\" content=\"fr_FR\" \/>\n<meta property=\"og:type\" content=\"article\" \/>\n<meta property=\"og:title\" content=\"cr\u00e9ations - Roccia Dipinta Fra\" \/>\n<meta property=\"og:url\" content=\"https:\/\/www.rocciadipinta.com\/fra\/realizzazioni\/\" \/>\n<meta property=\"og:site_name\" content=\"Roccia Dipinta Fra\" \/>\n<meta property=\"article:modified_time\" content=\"2022-02-05T05:19:35+00:00\" \/>\n<meta property=\"og:image\" content=\"https:\/\/www.rocciadipinta.com\/2022\/wp-content\/uploads\/2021\/12\/bagno-moderno-pietra_dipinta.jpg\" \/>\n<meta name=\"twitter:card\" content=\"summary_large_image\" \/>\n<meta name=\"twitter:label1\" content=\"Dur\u00e9e de lecture estim\u00e9e\" \/>\n\t<meta name=\"twitter:data1\" content=\"15 minutes\" \/>\n<script type=\"application\/ld+json\" class=\"yoast-schema-graph\">{\"@context\":\"https:\/\/schema.org\",\"@graph\":[{\"@type\":\"WebSite\",\"@id\":\"https:\/\/www.rocciadipinta.com\/fra\/#website\",\"url\":\"https:\/\/www.rocciadipinta.com\/fra\/\",\"name\":\"Roccia Dipinta Fra\",\"description\":\"colour your home with natural stones\",\"potentialAction\":[{\"@type\":\"SearchAction\",\"target\":{\"@type\":\"EntryPoint\",\"urlTemplate\":\"https:\/\/www.rocciadipinta.com\/fra\/?s={search_term_string}\"},\"query-input\":\"required name=search_term_string\"}],\"inLanguage\":\"fr-FR\"},{\"@type\":\"ImageObject\",\"@id\":\"https:\/\/www.rocciadipinta.com\/fra\/realizzazioni\/#primaryimage\",\"inLanguage\":\"fr-FR\",\"url\":\"https:\/\/www.rocciadipinta.com\/2022\/wp-content\/uploads\/2021\/12\/bagno-moderno-pietra_dipinta.jpg\",\"contentUrl\":\"https:\/\/www.rocciadipinta.com\/2022\/wp-content\/uploads\/2021\/12\/bagno-moderno-pietra_dipinta.jpg\"},{\"@type\":\"WebPage\",\"@id\":\"https:\/\/www.rocciadipinta.com\/fra\/realizzazioni\/#webpage\",\"url\":\"https:\/\/www.rocciadipinta.com\/fra\/realizzazioni\/\",\"name\":\"cr\u00e9ations - Roccia Dipinta Fra\",\"isPartOf\":{\"@id\":\"https:\/\/www.rocciadipinta.com\/fra\/#website\"},\"primaryImageOfPage\":{\"@id\":\"https:\/\/www.rocciadipinta.com\/fra\/realizzazioni\/#primaryimage\"},\"datePublished\":\"2021-12-29T15:09:33+00:00\",\"dateModified\":\"2022-02-05T05:19:35+00:00\",\"breadcrumb\":{\"@id\":\"https:\/\/www.rocciadipinta.com\/fra\/realizzazioni\/#breadcrumb\"},\"inLanguage\":\"fr-FR\",\"potentialAction\":[{\"@type\":\"ReadAction\",\"target\":[\"https:\/\/www.rocciadipinta.com\/fra\/realizzazioni\/\"]}]},{\"@type\":\"BreadcrumbList\",\"@id\":\"https:\/\/www.rocciadipinta.com\/fra\/realizzazioni\/#breadcrumb\",\"itemListElement\":[{\"@type\":\"ListItem\",\"position\":1,\"name\":\"Home\",\"item\":\"https:\/\/www.rocciadipinta.com\/fra\/\"},{\"@type\":\"ListItem\",\"position\":2,\"name\":\"cr\u00e9ations\"}]}]}<\/script>\n<!-- \/ Yoast SEO plugin. -->","yoast_head_json":{"title":"cr\u00e9ations - Roccia Dipinta Fra","robots":{"index":"index","follow":"follow","max-snippet":"max-snippet:-1","max-image-preview":"max-image-preview:large","max-video-preview":"max-video-preview:-1"},"canonical":"https:\/\/www.rocciadipinta.com\/fra\/realizzazioni\/","og_locale":"fr_FR","og_type":"article","og_title":"cr\u00e9ations - Roccia Dipinta Fra","og_url":"https:\/\/www.rocciadipinta.com\/fra\/realizzazioni\/","og_site_name":"Roccia Dipinta Fra","article_modified_time":"2022-02-05T05:19:35+00:00","og_image":[{"url":"https:\/\/www.rocciadipinta.com\/2022\/wp-content\/uploads\/2021\/12\/bagno-moderno-pietra_dipinta.jpg"}],"twitter_card":"summary_large_image","twitter_misc":{"Dur\u00e9e de lecture estim\u00e9e":"15 minutes"},"schema":{"@context":"https:\/\/schema.org","@graph":[{"@type":"WebSite","@id":"https:\/\/www.rocciadipinta.com\/fra\/#website","url":"https:\/\/www.rocciadipinta.com\/fra\/","name":"Roccia Dipinta Fra","description":"colour your home with natural stones","potentialAction":[{"@type":"SearchAction","target":{"@type":"EntryPoint","urlTemplate":"https:\/\/www.rocciadipinta.com\/fra\/?s={search_term_string}"},"query-input":"required name=search_term_string"}],"inLanguage":"fr-FR"},{"@type":"ImageObject","@id":"https:\/\/www.rocciadipinta.com\/fra\/realizzazioni\/#primaryimage","inLanguage":"fr-FR","url":"https:\/\/www.rocciadipinta.com\/2022\/wp-content\/uploads\/2021\/12\/bagno-moderno-pietra_dipinta.jpg","contentUrl":"https:\/\/www.rocciadipinta.com\/2022\/wp-content\/uploads\/2021\/12\/bagno-moderno-pietra_dipinta.jpg"},{"@type":"WebPage","@id":"https:\/\/www.rocciadipinta.com\/fra\/realizzazioni\/#webpage","url":"https:\/\/www.rocciadipinta.com\/fra\/realizzazioni\/","name":"cr\u00e9ations - Roccia Dipinta Fra","isPartOf":{"@id":"https:\/\/www.rocciadipinta.com\/fra\/#website"},"primaryImageOfPage":{"@id":"https:\/\/www.rocciadipinta.com\/fra\/realizzazioni\/#primaryimage"},"datePublished":"2021-12-29T15:09:33+00:00","dateModified":"2022-02-05T05:19:35+00:00","breadcrumb":{"@id":"https:\/\/www.rocciadipinta.com\/fra\/realizzazioni\/#breadcrumb"},"inLanguage":"fr-FR","potentialAction":[{"@type":"ReadAction","target":["https:\/\/www.rocciadipinta.com\/fra\/realizzazioni\/"]}]},{"@type":"BreadcrumbList","@id":"https:\/\/www.rocciadipinta.com\/fra\/realizzazioni\/#breadcrumb","itemListElement":[{"@type":"ListItem","position":1,"name":"Home","item":"https:\/\/www.rocciadipinta.com\/fra\/"},{"@type":"ListItem","position":2,"name":"cr\u00e9ations"}]}]}},"_links":{"self":[{"href":"https:\/\/www.rocciadipinta.com\/fra\/wp-json\/wp\/v2\/pages\/13"}],"collection":[{"href":"https:\/\/www.rocciadipinta.com\/fra\/wp-json\/wp\/v2\/pages"}],"about":[{"href":"https:\/\/www.rocciadipinta.com\/fra\/wp-json\/wp\/v2\/types\/page"}],"author":[{"embeddable":true,"href":"https:\/\/www.rocciadipinta.com\/fra\/wp-json\/wp\/v2\/users\/1"}],"replies":[{"embeddable":true,"href":"https:\/\/www.rocciadipinta.com\/fra\/wp-json\/wp\/v2\/comments?post=13"}],"version-history":[{"count":4,"href":"https:\/\/www.rocciadipinta.com\/fra\/wp-json\/wp\/v2\/pages\/13\/revisions"}],"predecessor-version":[{"id":180,"href":"https:\/\/www.rocciadipinta.com\/fra\/wp-json\/wp\/v2\/pages\/13\/revisions\/180"}],"wp:attachment":[{"href":"https:\/\/www.rocciadipinta.com\/fra\/wp-json\/wp\/v2\/media?parent=13"}],"curies":[{"name":"wp","href":"https:\/\/api.w.org\/{rel}","templated":true}]}}