{"id":11,"date":"2021-12-29T16:09:24","date_gmt":"2021-12-29T15:09:24","guid":{"rendered":"https:\/\/www.rocciadipinta.com\/2022\/?page_id=11"},"modified":"2022-02-01T17:02:24","modified_gmt":"2022-02-01T16:02:24","slug":"roccia-dipinta","status":"publish","type":"page","link":"https:\/\/www.rocciadipinta.com\/fra\/roccia-dipinta\/","title":{"rendered":"roccia dipinta"},"content":{"rendered":"<p><div class=\"fusion-fullwidth fullwidth-box nonhundred-percent-fullwidth non-hundred-percent-height-scrolling\"  style='background-color: rgba(255,255,255,0);background-position: center center;background-repeat: no-repeat;padding-top:0px;padding-right:0px;padding-bottom:0px;padding-left:0px;'><div class=\"fusion-builder-row fusion-row \"><div  class=\"fusion-layout-column fusion_builder_column fusion_builder_column_1_1 fusion-builder-column-1 fusion-one-full fusion-column-first fusion-column-last 1_1\"  style='margin-top:0px;margin-bottom:0px;'>\n\t\t\t\t\t<div class=\"fusion-column-wrapper\" style=\"padding: 0px 0px 0px 0px;background-position:left top;background-repeat:no-repeat;-webkit-background-size:cover;-moz-background-size:cover;-o-background-size:cover;background-size:cover;\"   data-bg-url=\"\">\n\t\t\t\t\t\t<div class=\"fusion-text\"><p><strong>Roccia Dipinta<\/strong> a \u00e9t\u00e9 cr\u00e9\u00e9e pour r\u00e9pondre aux besoins de ceux qui veulent un produit personnalisable, en accord avec leurs go\u00fbts et leur style, qui leur permette de r\u00e9inventer leur environnement priv\u00e9 ou professionnel selon leurs d\u00e9sirs.<\/p>\n<p>La large gamme de solutions vous permet de laisser libre cours \u00e0 votre cr\u00e9ativit\u00e9 et aboutit \u00e0 la cr\u00e9ation de rev\u00eatements de salle de bains et de cuisine, par exemple, ou \u00e0 la cr\u00e9ation d&rsquo;objets design, tels que lavabos, plans de toilette, \u00e9tag\u00e8res de cuisine, receveurs de douche, etc.<\/p>\n<p>La pierre de lave provenant de l&rsquo;Etna et de Cimino est color\u00e9e avec des pigments et des mat\u00e9riaux naturels et chauff\u00e9e dans des hauts fourneaux dans le but de combiner deux \u00e9l\u00e9ments en un seul corps :<\/p>\n<ul>\n<li><strong>La beaut\u00e9 de la pierre naturelle<\/strong><\/li>\n<li><strong>La vitalit\u00e9 de la couleur<\/strong><\/li>\n<\/ul>\n<\/div><div class=\"fusion-clearfix\"><\/div>\n\n\t\t\t\t\t<\/div>\n\t\t\t\t<\/div><\/div><\/div><div class=\"fusion-fullwidth fullwidth-box nonhundred-percent-fullwidth non-hundred-percent-height-scrolling\"  style='background-color: rgba(255,255,255,0);background-position: center center;background-repeat: no-repeat;padding-top:0px;padding-right:0px;padding-bottom:0px;padding-left:0px;'><div class=\"fusion-builder-row fusion-row \"><div  class=\"fusion-layout-column fusion_builder_column fusion_builder_column_1_3 fusion-builder-column-2 fusion-one-third fusion-column-first 1_3\"  style='margin-top:0px;margin-bottom:20px;width:33.33%;width:calc(33.33% - ( ( 4% + 4% ) * 0.3333 ) );margin-right: 4%;'>\n\t\t\t\t\t<div class=\"fusion-column-wrapper\" style=\"padding: 0px 0px 0px 0px;background-position:left top;background-repeat:no-repeat;-webkit-background-size:cover;-moz-background-size:cover;-o-background-size:cover;background-size:cover;\"   data-bg-url=\"\">\n\t\t\t\t\t\t<div class=\"imageframe-align-center\"><div class=\"fusion-image-frame-bottomshadow element-bottomshadow image-frame-shadow-1\"><style>.fusion-image-frame-bottomshadow.image-frame-shadow-1{display:inline-block}.element-bottomshadow.imageframe-1:before, .element-bottomshadow.imageframe-1:after{-webkit-box-shadow: 0 17px 10px rgba(0,0,0,0.4);box-shadow: 0 17px 10px rgba(0,0,0,0.4);}<\/style><span class=\"fusion-imageframe imageframe-bottomshadow imageframe-1 element-bottomshadow hover-type-zoomin\"><img loading=\"lazy\" src=\"https:\/\/www.rocciadipinta.com\/2022\/wp-content\/uploads\/2021\/12\/bago-VE-pietra-dipinta-300x207.jpg\" width=\"300\" height=\"207\" alt=\"\" title=\"bago VE pietra dipinta\" class=\"img-responsive wp-image-39\"\/><\/span><\/div><\/div><div class=\"fusion-clearfix\"><\/div>\n\n\t\t\t\t\t<\/div>\n\t\t\t\t<\/div><div  class=\"fusion-layout-column fusion_builder_column fusion_builder_column_1_3 fusion-builder-column-3 fusion-one-third 1_3\"  style='margin-top:0px;margin-bottom:20px;width:33.33%;width:calc(33.33% - ( ( 4% + 4% ) * 0.3333 ) );margin-right: 4%;'>\n\t\t\t\t\t<div class=\"fusion-column-wrapper\" style=\"padding: 0px 0px 0px 0px;background-position:left top;background-repeat:no-repeat;-webkit-background-size:cover;-moz-background-size:cover;-o-background-size:cover;background-size:cover;\"   data-bg-url=\"\">\n\t\t\t\t\t\t<div class=\"imageframe-align-center\"><div class=\"fusion-image-frame-bottomshadow element-bottomshadow image-frame-shadow-2\"><style>.fusion-image-frame-bottomshadow.image-frame-shadow-2{display:inline-block}.element-bottomshadow.imageframe-2:before, .element-bottomshadow.imageframe-2:after{-webkit-box-shadow: 0 17px 10px rgba(0,0,0,0.4);box-shadow: 0 17px 10px rgba(0,0,0,0.4);}<\/style><span class=\"fusion-imageframe imageframe-bottomshadow imageframe-2 element-bottomshadow hover-type-zoomin\"><img loading=\"lazy\" src=\"https:\/\/www.rocciadipinta.com\/2022\/wp-content\/uploads\/2021\/12\/bagno-rustico-pietra_dipinta2-300x193.jpg\" width=\"300\" height=\"193\" alt=\"\" title=\"Interno fisico\" class=\"img-responsive wp-image-49\"\/><\/span><\/div><\/div><div class=\"fusion-clearfix\"><\/div>\n\n\t\t\t\t\t<\/div>\n\t\t\t\t<\/div><div  class=\"fusion-layout-column fusion_builder_column fusion_builder_column_1_3 fusion-builder-column-4 fusion-one-third fusion-column-last 1_3\"  style='margin-top:0px;margin-bottom:20px;width:33.33%;width:calc(33.33% - ( ( 4% + 4% ) * 0.3333 ) );'>\n\t\t\t\t\t<div class=\"fusion-column-wrapper\" style=\"padding: 0px 0px 0px 0px;background-position:left top;background-repeat:no-repeat;-webkit-background-size:cover;-moz-background-size:cover;-o-background-size:cover;background-size:cover;\"   data-bg-url=\"\">\n\t\t\t\t\t\t<div class=\"imageframe-align-center\"><div class=\"fusion-image-frame-bottomshadow element-bottomshadow image-frame-shadow-3\"><style>.fusion-image-frame-bottomshadow.image-frame-shadow-3{display:inline-block}.element-bottomshadow.imageframe-3:before, .element-bottomshadow.imageframe-3:after{-webkit-box-shadow: 0 17px 10px rgba(0,0,0,0.4);box-shadow: 0 17px 10px rgba(0,0,0,0.4);}<\/style><span class=\"fusion-imageframe imageframe-bottomshadow imageframe-3 element-bottomshadow hover-type-zoomin\"><img loading=\"lazy\" src=\"https:\/\/www.rocciadipinta.com\/2022\/wp-content\/uploads\/2021\/12\/bagno-moderno-pietra_dipinta-300x200.jpg\" width=\"300\" height=\"200\" alt=\"\" title=\"Interno fisico\" class=\"img-responsive wp-image-45\"\/><\/span><\/div><\/div><div class=\"fusion-clearfix\"><\/div>\n\n\t\t\t\t\t<\/div>\n\t\t\t\t<\/div><div  class=\"fusion-layout-column fusion_builder_column fusion_builder_column_1_1 fusion-builder-column-5 fusion-one-full fusion-column-first fusion-column-last 1_1\"  style='margin-top:0px;margin-bottom:20px;'>\n\t\t\t\t\t<div class=\"fusion-column-wrapper\" style=\"padding: 0px 0px 0px 0px;background-position:left top;background-repeat:no-repeat;-webkit-background-size:cover;-moz-background-size:cover;-o-background-size:cover;background-size:cover;\"   data-bg-url=\"\">\n\t\t\t\t\t\t<div class=\"fusion-sep-clear\"><\/div><div class=\"fusion-separator fusion-full-width-sep sep-single sep-solid\" style=\"border-color:#e0dede;border-top-width:1px;margin-left: auto;margin-right: auto;margin-top:20px;margin-bottom:20px;\"><\/div><div class=\"fusion-text\"><p>Choisissez <strong>Roccia Dipinta<\/strong> et vous aurez la garantie de :<\/p>\n<ul>\n<li><strong>Un produit design \u00e0 haute valeur artisanale<\/strong><\/li>\n<li><strong>Un produit design \u00e0 haute valeur artisanale<\/strong><\/li>\n<\/ul>\n<\/div><div class=\"fusion-clearfix\"><\/div>\n\n\t\t\t\t\t<\/div>\n\t\t\t\t<\/div><\/div><\/div><\/p>\n","protected":false},"excerpt":{"rendered":"","protected":false},"author":1,"featured_media":0,"parent":0,"menu_order":0,"comment_status":"closed","ping_status":"closed","template":"","meta":[],"yoast_head":"<!-- This site is optimized with the Yoast SEO plugin v18.5.1 - https:\/\/yoast.com\/wordpress\/plugins\/seo\/ -->\n<title>roccia dipinta - Roccia Dipinta Fra<\/title>\n<meta name=\"robots\" content=\"index, follow, max-snippet:-1, max-image-preview:large, max-video-preview:-1\" \/>\n<link rel=\"canonical\" href=\"https:\/\/www.rocciadipinta.com\/fra\/roccia-dipinta\/\" \/>\n<meta property=\"og:locale\" content=\"fr_FR\" \/>\n<meta property=\"og:type\" content=\"article\" \/>\n<meta property=\"og:title\" content=\"roccia dipinta - Roccia Dipinta Fra\" \/>\n<meta property=\"og:url\" content=\"https:\/\/www.rocciadipinta.com\/fra\/roccia-dipinta\/\" \/>\n<meta property=\"og:site_name\" content=\"Roccia Dipinta Fra\" \/>\n<meta property=\"article:modified_time\" content=\"2022-02-01T16:02:24+00:00\" \/>\n<meta name=\"twitter:card\" content=\"summary_large_image\" \/>\n<meta name=\"twitter:label1\" content=\"Dur\u00e9e de lecture estim\u00e9e\" \/>\n\t<meta name=\"twitter:data1\" content=\"5 minutes\" \/>\n<script type=\"application\/ld+json\" class=\"yoast-schema-graph\">{\"@context\":\"https:\/\/schema.org\",\"@graph\":[{\"@type\":\"WebSite\",\"@id\":\"https:\/\/www.rocciadipinta.com\/fra\/#website\",\"url\":\"https:\/\/www.rocciadipinta.com\/fra\/\",\"name\":\"Roccia Dipinta Fra\",\"description\":\"colour your home with natural stones\",\"potentialAction\":[{\"@type\":\"SearchAction\",\"target\":{\"@type\":\"EntryPoint\",\"urlTemplate\":\"https:\/\/www.rocciadipinta.com\/fra\/?s={search_term_string}\"},\"query-input\":\"required name=search_term_string\"}],\"inLanguage\":\"fr-FR\"},{\"@type\":\"WebPage\",\"@id\":\"https:\/\/www.rocciadipinta.com\/fra\/roccia-dipinta\/#webpage\",\"url\":\"https:\/\/www.rocciadipinta.com\/fra\/roccia-dipinta\/\",\"name\":\"roccia dipinta - Roccia Dipinta Fra\",\"isPartOf\":{\"@id\":\"https:\/\/www.rocciadipinta.com\/fra\/#website\"},\"datePublished\":\"2021-12-29T15:09:24+00:00\",\"dateModified\":\"2022-02-01T16:02:24+00:00\",\"breadcrumb\":{\"@id\":\"https:\/\/www.rocciadipinta.com\/fra\/roccia-dipinta\/#breadcrumb\"},\"inLanguage\":\"fr-FR\",\"potentialAction\":[{\"@type\":\"ReadAction\",\"target\":[\"https:\/\/www.rocciadipinta.com\/fra\/roccia-dipinta\/\"]}]},{\"@type\":\"BreadcrumbList\",\"@id\":\"https:\/\/www.rocciadipinta.com\/fra\/roccia-dipinta\/#breadcrumb\",\"itemListElement\":[{\"@type\":\"ListItem\",\"position\":1,\"name\":\"Home\",\"item\":\"https:\/\/www.rocciadipinta.com\/fra\/\"},{\"@type\":\"ListItem\",\"position\":2,\"name\":\"roccia dipinta\"}]}]}<\/script>\n<!-- \/ Yoast SEO plugin. -->","yoast_head_json":{"title":"roccia dipinta - Roccia Dipinta Fra","robots":{"index":"index","follow":"follow","max-snippet":"max-snippet:-1","max-image-preview":"max-image-preview:large","max-video-preview":"max-video-preview:-1"},"canonical":"https:\/\/www.rocciadipinta.com\/fra\/roccia-dipinta\/","og_locale":"fr_FR","og_type":"article","og_title":"roccia dipinta - Roccia Dipinta Fra","og_url":"https:\/\/www.rocciadipinta.com\/fra\/roccia-dipinta\/","og_site_name":"Roccia Dipinta Fra","article_modified_time":"2022-02-01T16:02:24+00:00","twitter_card":"summary_large_image","twitter_misc":{"Dur\u00e9e de lecture estim\u00e9e":"5 minutes"},"schema":{"@context":"https:\/\/schema.org","@graph":[{"@type":"WebSite","@id":"https:\/\/www.rocciadipinta.com\/fra\/#website","url":"https:\/\/www.rocciadipinta.com\/fra\/","name":"Roccia Dipinta Fra","description":"colour your home with natural stones","potentialAction":[{"@type":"SearchAction","target":{"@type":"EntryPoint","urlTemplate":"https:\/\/www.rocciadipinta.com\/fra\/?s={search_term_string}"},"query-input":"required name=search_term_string"}],"inLanguage":"fr-FR"},{"@type":"WebPage","@id":"https:\/\/www.rocciadipinta.com\/fra\/roccia-dipinta\/#webpage","url":"https:\/\/www.rocciadipinta.com\/fra\/roccia-dipinta\/","name":"roccia dipinta - Roccia Dipinta Fra","isPartOf":{"@id":"https:\/\/www.rocciadipinta.com\/fra\/#website"},"datePublished":"2021-12-29T15:09:24+00:00","dateModified":"2022-02-01T16:02:24+00:00","breadcrumb":{"@id":"https:\/\/www.rocciadipinta.com\/fra\/roccia-dipinta\/#breadcrumb"},"inLanguage":"fr-FR","potentialAction":[{"@type":"ReadAction","target":["https:\/\/www.rocciadipinta.com\/fra\/roccia-dipinta\/"]}]},{"@type":"BreadcrumbList","@id":"https:\/\/www.rocciadipinta.com\/fra\/roccia-dipinta\/#breadcrumb","itemListElement":[{"@type":"ListItem","position":1,"name":"Home","item":"https:\/\/www.rocciadipinta.com\/fra\/"},{"@type":"ListItem","position":2,"name":"roccia dipinta"}]}]}},"_links":{"self":[{"href":"https:\/\/www.rocciadipinta.com\/fra\/wp-json\/wp\/v2\/pages\/11"}],"collection":[{"href":"https:\/\/www.rocciadipinta.com\/fra\/wp-json\/wp\/v2\/pages"}],"about":[{"href":"https:\/\/www.rocciadipinta.com\/fra\/wp-json\/wp\/v2\/types\/page"}],"author":[{"embeddable":true,"href":"https:\/\/www.rocciadipinta.com\/fra\/wp-json\/wp\/v2\/users\/1"}],"replies":[{"embeddable":true,"href":"https:\/\/www.rocciadipinta.com\/fra\/wp-json\/wp\/v2\/comments?post=11"}],"version-history":[{"count":1,"href":"https:\/\/www.rocciadipinta.com\/fra\/wp-json\/wp\/v2\/pages\/11\/revisions"}],"predecessor-version":[{"id":165,"href":"https:\/\/www.rocciadipinta.com\/fra\/wp-json\/wp\/v2\/pages\/11\/revisions\/165"}],"wp:attachment":[{"href":"https:\/\/www.rocciadipinta.com\/fra\/wp-json\/wp\/v2\/media?parent=11"}],"curies":[{"name":"wp","href":"https:\/\/api.w.org\/{rel}","templated":true}]}}